{"id":13921,"date":"2020-10-07T00:00:00","date_gmt":"2020-10-07T00:00:00","guid":{"rendered":"https:\/\/lightenjin.pt\/product\/turnlinne\/"},"modified":"2025-01-27T15:17:12","modified_gmt":"2025-01-27T15:17:12","slug":"turnlinne","status":"publish","type":"product","link":"https:\/\/lightenjin.pt\/fr\/produit\/turnlinne\/","title":{"rendered":"TURNLINNE"},"content":{"rendered":"<ul>\n<li>Application dans les goulottes triphas\u00e9es ;<\/li>\n<li>Corps en profil\u00e9 d&rsquo;aluminium ;<\/li>\n<li>Orientable ;<\/li>\n<li>Dur\u00e9e de vie \u00e9lev\u00e9e des LED (&gt;50 000 h) ;<\/li>\n<li>Diff\u00e9rentes temp\u00e9ratures de couleur disponibles ;<\/li>\n<li>Indice de rendu des couleurs \u00e9lev\u00e9 (Ra&gt;80) ;<\/li>\n<li>Lentilles AS \/ O \/ W \/ WW ;<\/li>\n<li>Syst\u00e8me de contr\u00f4le DALI (en option) ;<\/li>\n<li>Solution de contr\u00f4le du rythme circadien disponible sur demande (Tunable White) ;<\/li>\n<\/ul>\n<p>&nbsp;<\/p>\n<hr \/>\n<h4>DOWNLOADS<\/h4>\n<ul>\n<li>FICHE TECHNIQUE: <a href=\"https:\/\/lightenjin.pt\/pdfs\/ft\/ft-turnlinne-fr.pdf\" target=\"_blank\" rel=\"noopener\">link<\/a><\/li>\n<li>INSTRUCTIONS DE MONTAGE : <a href=\"https:\/\/lightenjin.pt\/pdfs\/im\/im-turnlinne.pdf\" target=\"_blank\" rel=\"noopener\">link<\/a><\/li>\n<li>D\u00c9CLARATION DE CONFORMIT\u00c9 : <a href=\"https:\/\/lightenjin.pt\/pdfs\/dc\/dc-turnlinne.pdf\" target=\"_blank\" rel=\"noopener\">link<\/a><\/li>\n<\/ul>\n","protected":false},"excerpt":{"rendered":"<p><strong>TURNLINNE <\/strong>est une solution d&rsquo;\u00e9clairage lin\u00e9aire orientable avec une lentille \u00e0 faible \u00e9blouissement ; elle est appliqu\u00e9e sur un rail triphas\u00e9, ce qui permet d&rsquo;orienter la lumi\u00e8re en fonction des besoins de chaque client.<\/p>\n<p>Avec des LED ayant un indice de rendu des couleurs \u00e9lev\u00e9 (Ra&gt;80) et une efficacit\u00e9 lumineuse globale \u00e9lev\u00e9e, comprise entre 137 et 163 lm\/W. LED \u00e0 longue dur\u00e9e de vie (&gt;50 000h), avec diff\u00e9rentes temp\u00e9ratures de couleur disponibles.<\/p>\n<p>Solution de contr\u00f4le du rythme circadien disponible sur demande.<\/p>\n","protected":false},"featured_media":25822,"template":"","meta":{"iawp_total_views":1},"product_brand":[],"product_cat":[103,110],"product_tag":[368,372,113],"class_list":{"0":"post-13921","1":"product","2":"type-product","3":"status-publish","4":"has-post-thumbnail","6":"product_cat-gamme-euluce","7":"product_cat-rail-triphase","8":"product_tag-commerce-fr","9":"product_tag-orientable-fr","10":"product_tag-rail-triphase","11":"pa_aplicacao-orientable-fr","12":"pa_aplicacao-rail-fr","13":"pa_area-de-aplicacao-commerce-fr","14":"pa_area-de-aplicacao-lhotellerie","16":"first","17":"instock","18":"shipping-taxable","19":"product-type-simple"},"_links":{"self":[{"href":"https:\/\/lightenjin.pt\/fr\/wp-json\/wp\/v2\/product\/13921","targetHints":{"allow":["GET"]}}],"collection":[{"href":"https:\/\/lightenjin.pt\/fr\/wp-json\/wp\/v2\/product"}],"about":[{"href":"https:\/\/lightenjin.pt\/fr\/wp-json\/wp\/v2\/types\/product"}],"version-history":[{"count":3,"href":"https:\/\/lightenjin.pt\/fr\/wp-json\/wp\/v2\/product\/13921\/revisions"}],"predecessor-version":[{"id":23336,"href":"https:\/\/lightenjin.pt\/fr\/wp-json\/wp\/v2\/product\/13921\/revisions\/23336"}],"wp:featuredmedia":[{"embeddable":true,"href":"https:\/\/lightenjin.pt\/fr\/wp-json\/wp\/v2\/media\/25822"}],"wp:attachment":[{"href":"https:\/\/lightenjin.pt\/fr\/wp-json\/wp\/v2\/media?parent=13921"}],"wp:term":[{"taxonomy":"product_brand","embeddable":true,"href":"https:\/\/lightenjin.pt\/fr\/wp-json\/wp\/v2\/product_brand?post=13921"},{"taxonomy":"product_cat","embeddable":true,"href":"https:\/\/lightenjin.pt\/fr\/wp-json\/wp\/v2\/product_cat?post=13921"},{"taxonomy":"product_tag","embeddable":true,"href":"https:\/\/lightenjin.pt\/fr\/wp-json\/wp\/v2\/product_tag?post=13921"}],"curies":[{"name":"wp","href":"https:\/\/api.w.org\/{rel}","templated":true}]}}