{"id":13929,"date":"2020-10-07T00:00:00","date_gmt":"2020-10-06T23:00:00","guid":{"rendered":"https:\/\/lightenjin.pt\/product\/prolinne-o\/"},"modified":"2025-01-27T15:02:56","modified_gmt":"2025-01-27T15:02:56","slug":"prolinne-o","status":"publish","type":"product","link":"https:\/\/lightenjin.pt\/fr\/produit\/prolinne-o\/","title":{"rendered":"PROLINNE O"},"content":{"rendered":"<ul>\n<li>Application sortante ou suspendue ;<\/li>\n<li>Corps en profil\u00e9 d&rsquo;aluminium ;<\/li>\n<li>Diffuseur opale ;<\/li>\n<li>Dur\u00e9e de vie \u00e9lev\u00e9e des LED (&gt;50 000 h) ;<\/li>\n<li>Diff\u00e9rentes temp\u00e9ratures de couleur disponibles ;<\/li>\n<li>Indice de rendu des couleurs \u00e9lev\u00e9 (Ra&gt;80) ;<\/li>\n<li>Luminaire polyvalent en termes de longueurs disponibles ;<\/li>\n<\/ul>\n<hr \/>\n<p><strong>DOWNLOAD<\/strong><\/p>\n<ul>\n<li>FICHE TECHNIQUE: <a href=\"https:\/\/lightenjin.pt\/pdfs\/ft\/ft-prolinne-o-fr.pdf\" target=\"_blank\" rel=\"noopener\">link<\/a><\/li>\n<li>INSTRUCTIONS DE MONTAGE : <a href=\"https:\/\/lightenjin.pt\/pdfs\/im\/im-prolinne-o.pdf\" target=\"_blank\" rel=\"noopener\">link<\/a><\/li>\n<li>D\u00c9CLARATION DE CONFORMIT\u00c9 : <a href=\"https:\/\/lightenjin.pt\/pdfs\/dc\/dc-prolinne.pdf\" target=\"_blank\" rel=\"noopener\">link<\/a><\/li>\n<\/ul>\n","protected":false},"excerpt":{"rendered":"<p><strong>PROLINNE O <\/strong>est un luminaire lin\u00e9aire. Luminaire polyvalent en termes de longueurs disponibles.<\/p>\n<p>Avec des LED ayant un indice de rendu des couleurs \u00e9lev\u00e9 (Ra&gt;80) et une efficacit\u00e9 lumineuse globale \u00e9lev\u00e9e comprise entre 66 et 79 lm\/W. LED avec une longue dur\u00e9e de vie (&gt;50.000h), avec diff\u00e9rentes temp\u00e9ratures de couleur disponibles.<\/p>\n","protected":false},"featured_media":9807,"template":"","meta":{"iawp_total_views":1},"product_brand":[],"product_cat":[103],"product_tag":[],"class_list":{"0":"post-13929","1":"product","2":"type-product","3":"status-publish","4":"has-post-thumbnail","6":"product_cat-gamme-euluce","8":"first","9":"instock","10":"shipping-taxable","11":"product-type-simple"},"_links":{"self":[{"href":"https:\/\/lightenjin.pt\/fr\/wp-json\/wp\/v2\/product\/13929","targetHints":{"allow":["GET"]}}],"collection":[{"href":"https:\/\/lightenjin.pt\/fr\/wp-json\/wp\/v2\/product"}],"about":[{"href":"https:\/\/lightenjin.pt\/fr\/wp-json\/wp\/v2\/types\/product"}],"version-history":[{"count":3,"href":"https:\/\/lightenjin.pt\/fr\/wp-json\/wp\/v2\/product\/13929\/revisions"}],"predecessor-version":[{"id":23334,"href":"https:\/\/lightenjin.pt\/fr\/wp-json\/wp\/v2\/product\/13929\/revisions\/23334"}],"wp:featuredmedia":[{"embeddable":true,"href":"https:\/\/lightenjin.pt\/fr\/wp-json\/wp\/v2\/media\/9807"}],"wp:attachment":[{"href":"https:\/\/lightenjin.pt\/fr\/wp-json\/wp\/v2\/media?parent=13929"}],"wp:term":[{"taxonomy":"product_brand","embeddable":true,"href":"https:\/\/lightenjin.pt\/fr\/wp-json\/wp\/v2\/product_brand?post=13929"},{"taxonomy":"product_cat","embeddable":true,"href":"https:\/\/lightenjin.pt\/fr\/wp-json\/wp\/v2\/product_cat?post=13929"},{"taxonomy":"product_tag","embeddable":true,"href":"https:\/\/lightenjin.pt\/fr\/wp-json\/wp\/v2\/product_tag?post=13929"}],"curies":[{"name":"wp","href":"https:\/\/api.w.org\/{rel}","templated":true}]}}