{"id":14093,"date":"2020-07-17T00:00:00","date_gmt":"2020-07-16T23:00:00","guid":{"rendered":"https:\/\/lightenjin.pt\/product\/aselli\/"},"modified":"2025-01-27T16:14:45","modified_gmt":"2025-01-27T16:14:45","slug":"aselli","status":"publish","type":"product","link":"https:\/\/lightenjin.pt\/fr\/produit\/aselli\/","title":{"rendered":"ASELLI"},"content":{"rendered":"<ul>\n<li>\u00c9clairage d\u00e9coratif ;<\/li>\n<li>Fixation de la suspension ;<\/li>\n<li>Corps en aluminium peint en une couleur avec de l&rsquo;\u00e9poxy, ou aluminium peint en deux couleurs avec de la peinture liquide ;<\/li>\n<li>Luminaire de classe I ;<\/li>\n<li>Support d&rsquo;ampoule E27 ;<\/li>\n<li>Puissance maximale recommand\u00e9e : 14W ;<\/li>\n<\/ul>\n<p>&nbsp;<\/p>\n<hr \/>\n<p><strong>DOWNLOAD<\/strong><\/p>\n<ul>\n<li>FICHE TECHNIQUE : <a href=\"https:\/\/lightenjin.pt\/pdfs\/ft\/ft-aselli-fr.pdf\" target=\"_blank\" rel=\"noopener\">link<\/a><\/li>\n<li>INSTRUCTIONS DE MONTAGE : <a href=\"https:\/\/lightenjin.pt\/pdfs\/im\/im-aselli.pdf\" target=\"_blank\" rel=\"noopener\">link<\/a><\/li>\n<li>D\u00c9CLARATION DE CONFORMIT\u00c9 : <a href=\"https:\/\/lightenjin.pt\/pdfs\/dc\/dc-aselli.pdf\" target=\"_blank\" rel=\"noopener\">link<\/a><\/li>\n<\/ul>\n","protected":false},"excerpt":{"rendered":"<p><strong>ASELLI <\/strong>est une hotte adapt\u00e9e \u00e0 l&rsquo;\u00e9clairage d\u00e9coratif, combin\u00e9e \u00e0 un concept rustique.<\/p>\n<p>Elle int\u00e8gre des ampoules adapt\u00e9es aux douilles E27, ce qui la rend simple et facile \u00e0 utiliser.<\/p>\n","protected":false},"featured_media":9773,"template":"","meta":{"iawp_total_views":2},"product_brand":[],"product_cat":[103,108,107],"product_tag":[368,370,369,392],"class_list":{"0":"post-14093","1":"product","2":"type-product","3":"status-publish","4":"has-post-thumbnail","6":"product_cat-gamme-euluce","7":"product_cat-interieur","8":"product_cat-suspendu","9":"product_tag-commerce-fr","10":"product_tag-lhotellerie","11":"product_tag-residence-fr","12":"product_tag-suspendu","14":"first","15":"instock","16":"shipping-taxable","17":"product-type-simple"},"_links":{"self":[{"href":"https:\/\/lightenjin.pt\/fr\/wp-json\/wp\/v2\/product\/14093","targetHints":{"allow":["GET"]}}],"collection":[{"href":"https:\/\/lightenjin.pt\/fr\/wp-json\/wp\/v2\/product"}],"about":[{"href":"https:\/\/lightenjin.pt\/fr\/wp-json\/wp\/v2\/types\/product"}],"version-history":[{"count":3,"href":"https:\/\/lightenjin.pt\/fr\/wp-json\/wp\/v2\/product\/14093\/revisions"}],"predecessor-version":[{"id":23351,"href":"https:\/\/lightenjin.pt\/fr\/wp-json\/wp\/v2\/product\/14093\/revisions\/23351"}],"wp:featuredmedia":[{"embeddable":true,"href":"https:\/\/lightenjin.pt\/fr\/wp-json\/wp\/v2\/media\/9773"}],"wp:attachment":[{"href":"https:\/\/lightenjin.pt\/fr\/wp-json\/wp\/v2\/media?parent=14093"}],"wp:term":[{"taxonomy":"product_brand","embeddable":true,"href":"https:\/\/lightenjin.pt\/fr\/wp-json\/wp\/v2\/product_brand?post=14093"},{"taxonomy":"product_cat","embeddable":true,"href":"https:\/\/lightenjin.pt\/fr\/wp-json\/wp\/v2\/product_cat?post=14093"},{"taxonomy":"product_tag","embeddable":true,"href":"https:\/\/lightenjin.pt\/fr\/wp-json\/wp\/v2\/product_tag?post=14093"}],"curies":[{"name":"wp","href":"https:\/\/api.w.org\/{rel}","templated":true}]}}