{"id":14368,"date":"2020-02-07T00:00:00","date_gmt":"2020-02-07T00:00:00","guid":{"rendered":"https:\/\/lightenjin.pt\/product\/linne-trimless\/"},"modified":"2025-01-27T15:49:44","modified_gmt":"2025-01-27T15:49:44","slug":"linne-trimless","status":"publish","type":"product","link":"https:\/\/lightenjin.pt\/fr\/produit\/linne-trimless\/","title":{"rendered":"LINNE TRIMLESS"},"content":{"rendered":"<ul>\n<li style=\"text-align: left\">Montage encastr\u00e9 (trimless) ;<\/li>\n<li style=\"text-align: left\">Profil\u00e9 en aluminium color\u00e9 ;<\/li>\n<li style=\"text-align: left\">Diffuseur opale ou prismatique ;<\/li>\n<li style=\"text-align: left\">Dur\u00e9e de vie des LED (&gt;50 000 h) ;<\/li>\n<li style=\"text-align: left\">Diff\u00e9rentes temp\u00e9ratures de couleur disponibles ;<\/li>\n<li style=\"text-align: left\">Indice de rendu des couleurs (Ra&gt;80) ;<\/li>\n<li style=\"text-align: left\">Efficacit\u00e9 \u00e9nerg\u00e9tique et capacit\u00e9 de gradation \u00e9lev\u00e9es ;<\/li>\n<li style=\"text-align: left\">Possibilit\u00e9 d&rsquo;int\u00e9grer un syst\u00e8me de contr\u00f4le DALI ;<\/li>\n<\/ul>\n<hr \/>\n<h4>DOWNLOADS<\/h4>\n<ul>\n<li>FICHE TECHNIQUE : <a href=\"https:\/\/lightenjin.pt\/pdfs\/ft\/ft-linne-trimless-fr.pdf\" target=\"_blank\" rel=\"noopener\">link<\/a><\/li>\n<li>INSTRUCTIONS DE MONTAGE :\u00a0 <a href=\"https:\/\/lightenjin.pt\/pdfs\/im\/im-linne-trimless.pdf\" target=\"_blank\" rel=\"noopener\">link<\/a><\/li>\n<li>D\u00c9CLARATION DE CONFORMIT\u00c9 :\u00a0 <a href=\"https:\/\/lightenjin.pt\/pdfs\/d\/dc-linne-trimless.pdf\" target=\"_blank\" rel=\"noopener\">link<\/a><\/li>\n<\/ul>\n","protected":false},"excerpt":{"rendered":"<p><strong>LINNE TRIMLESS <\/strong>est une armature lin\u00e9aire simple et modulaire qui permet de cr\u00e9er diff\u00e9rentes configurations et longueurs. Efficacit\u00e9 \u00e9nerg\u00e9tique et capacit\u00e9 de gradation \u00e9lev\u00e9es.<\/p>\n<p>Avec des LED ayant un indice de rendu des couleurs \u00e9lev\u00e9 (Ra&gt;80) et une efficacit\u00e9 lumineuse globale \u00e9lev\u00e9e comprise entre 118 et 142 lm\/W. LED \u00e0 longue dur\u00e9e de vie (&gt;50 000h), avec diff\u00e9rentes temp\u00e9ratures de couleur disponibles.<\/p>\n","protected":false},"featured_media":24406,"template":"","meta":{"iawp_total_views":1},"product_brand":[],"product_cat":[435,103,108],"product_tag":[543,535,370,422],"class_list":{"0":"post-14368","1":"product","2":"type-product","3":"status-publish","4":"has-post-thumbnail","6":"product_cat-encastre","7":"product_cat-gamme-euluce","8":"product_cat-interieur","9":"product_tag-bureaux","10":"product_tag-encastre","11":"product_tag-lhotellerie","12":"product_tag-musees","14":"first","15":"instock","16":"shipping-taxable","17":"product-type-simple"},"_links":{"self":[{"href":"https:\/\/lightenjin.pt\/fr\/wp-json\/wp\/v2\/product\/14368","targetHints":{"allow":["GET"]}}],"collection":[{"href":"https:\/\/lightenjin.pt\/fr\/wp-json\/wp\/v2\/product"}],"about":[{"href":"https:\/\/lightenjin.pt\/fr\/wp-json\/wp\/v2\/types\/product"}],"version-history":[{"count":3,"href":"https:\/\/lightenjin.pt\/fr\/wp-json\/wp\/v2\/product\/14368\/revisions"}],"predecessor-version":[{"id":23342,"href":"https:\/\/lightenjin.pt\/fr\/wp-json\/wp\/v2\/product\/14368\/revisions\/23342"}],"wp:featuredmedia":[{"embeddable":true,"href":"https:\/\/lightenjin.pt\/fr\/wp-json\/wp\/v2\/media\/24406"}],"wp:attachment":[{"href":"https:\/\/lightenjin.pt\/fr\/wp-json\/wp\/v2\/media?parent=14368"}],"wp:term":[{"taxonomy":"product_brand","embeddable":true,"href":"https:\/\/lightenjin.pt\/fr\/wp-json\/wp\/v2\/product_brand?post=14368"},{"taxonomy":"product_cat","embeddable":true,"href":"https:\/\/lightenjin.pt\/fr\/wp-json\/wp\/v2\/product_cat?post=14368"},{"taxonomy":"product_tag","embeddable":true,"href":"https:\/\/lightenjin.pt\/fr\/wp-json\/wp\/v2\/product_tag?post=14368"}],"curies":[{"name":"wp","href":"https:\/\/api.w.org\/{rel}","templated":true}]}}