{"id":15161,"date":"2015-07-16T00:00:00","date_gmt":"2015-07-15T23:00:00","guid":{"rendered":"https:\/\/lightenjin.pt\/product\/eco-linne-w\/"},"modified":"2025-01-20T17:29:48","modified_gmt":"2025-01-20T17:29:48","slug":"eco-linne-w","status":"publish","type":"product","link":"https:\/\/lightenjin.pt\/fr\/produit\/eco-linne-w\/","title":{"rendered":"ECO LINNE W"},"content":{"rendered":"<ul>\n<li>Application suspendue, par c\u00e2ble d&rsquo;acier ;<\/li>\n<li>Profil\u00e9 en aluminium color\u00e9 ;<\/li>\n<li>Groupe optique avec lentilles en PMMA ;<\/li>\n<li>Permet de construire de grandes lignes continues ;<\/li>\n<li>Dur\u00e9e de vie \u00e9lev\u00e9e des LED (&gt;50 000 h) ;<\/li>\n<li>Diff\u00e9rentes temp\u00e9ratures de couleur disponibles ;<\/li>\n<li>Indice de rendu des couleurs \u00e9lev\u00e9 (Ra&gt;80) ;<\/li>\n<\/ul>\n<hr \/>\n<h4>DOWNLOAD<\/h4>\n<ul>\n<li>FICHE TECHNIQUE : <a href=\"https:\/\/lightenjin.pt\/pdfs\/ft\/ft-eco-linne-w-fr.pdf\" target=\"_blank\" rel=\"noopener\">link<\/a><\/li>\n<li>INSTRUCTIONS DE MONTAGE :\u00a0 <a href=\"https:\/\/lightenjin.pt\/pdfs\/im\/im-eco-linne-w.pdf\" target=\"_blank\" rel=\"noopener\">link<\/a><\/li>\n<li>D\u00c9CLARATION DE CONFORMIT\u00c9 :\u00a0 <a href=\"https:\/\/lightenjin.pt\/pdfs\/dc\/dc-eco-linne-w.pdf\" target=\"_blank\" rel=\"noopener\">link<\/a><\/li>\n<\/ul>\n","protected":false},"excerpt":{"rendered":"<p><strong>ECO LINNE W <\/strong>est une gamme d&rsquo;\u00e9clairage \u00e9conomique et pratique qui permet de construire de grandes lignes continues \u00e0 l&rsquo;aide d&rsquo;accessoires simples et faciles \u00e0 utiliser. Cette solution ne permet qu&rsquo;une fixation suspendue par c\u00e2ble d&rsquo;acier.<\/p>\n<p>Avec des LED ayant un indice de rendu des couleurs \u00e9lev\u00e9 (Ra&gt;80) et une efficacit\u00e9 lumineuse globale \u00e9lev\u00e9e. LED avec une longue dur\u00e9e de vie (&gt;50.000h), avec diff\u00e9rentes temp\u00e9ratures de couleur disponibles.<\/p>\n","protected":false},"featured_media":8224,"template":"","meta":{"iawp_total_views":4},"product_brand":[],"product_cat":[103,108,366,107],"product_tag":[368,437,538,426,392],"class_list":{"0":"post-15161","1":"product","2":"type-product","3":"status-publish","4":"has-post-thumbnail","6":"product_cat-gamme-euluce","7":"product_cat-interieur","8":"product_cat-saillant","9":"product_cat-suspendu","10":"product_tag-commerce-fr","11":"product_tag-industrie","12":"product_tag-plafonniers","13":"product_tag-profil","14":"product_tag-suspendu","16":"first","17":"instock","18":"shipping-taxable","19":"product-type-simple"},"_links":{"self":[{"href":"https:\/\/lightenjin.pt\/fr\/wp-json\/wp\/v2\/product\/15161","targetHints":{"allow":["GET"]}}],"collection":[{"href":"https:\/\/lightenjin.pt\/fr\/wp-json\/wp\/v2\/product"}],"about":[{"href":"https:\/\/lightenjin.pt\/fr\/wp-json\/wp\/v2\/types\/product"}],"version-history":[{"count":2,"href":"https:\/\/lightenjin.pt\/fr\/wp-json\/wp\/v2\/product\/15161\/revisions"}],"predecessor-version":[{"id":23008,"href":"https:\/\/lightenjin.pt\/fr\/wp-json\/wp\/v2\/product\/15161\/revisions\/23008"}],"wp:featuredmedia":[{"embeddable":true,"href":"https:\/\/lightenjin.pt\/fr\/wp-json\/wp\/v2\/media\/8224"}],"wp:attachment":[{"href":"https:\/\/lightenjin.pt\/fr\/wp-json\/wp\/v2\/media?parent=15161"}],"wp:term":[{"taxonomy":"product_brand","embeddable":true,"href":"https:\/\/lightenjin.pt\/fr\/wp-json\/wp\/v2\/product_brand?post=15161"},{"taxonomy":"product_cat","embeddable":true,"href":"https:\/\/lightenjin.pt\/fr\/wp-json\/wp\/v2\/product_cat?post=15161"},{"taxonomy":"product_tag","embeddable":true,"href":"https:\/\/lightenjin.pt\/fr\/wp-json\/wp\/v2\/product_tag?post=15161"}],"curies":[{"name":"wp","href":"https:\/\/api.w.org\/{rel}","templated":true}]}}