{"id":15191,"date":"2015-07-28T00:00:00","date_gmt":"2015-07-27T23:00:00","guid":{"rendered":"https:\/\/lightenjin.pt\/product\/linne-w\/"},"modified":"2025-01-20T17:24:56","modified_gmt":"2025-01-20T17:24:56","slug":"linne-w","status":"publish","type":"product","link":"https:\/\/lightenjin.pt\/fr\/produit\/linne-w\/","title":{"rendered":"LINNE W"},"content":{"rendered":"<ul>\n<li>Application en surface ou suspendue ;<\/li>\n<li>Corps en aluminium color\u00e9 ;<\/li>\n<li>Groupe optique avec lentilles en PMMA ;<\/li>\n<li>Dur\u00e9e de vie des LED (&gt;50 000 h) ;<\/li>\n<li>Diff\u00e9rentes temp\u00e9ratures de couleur disponibles ;<\/li>\n<li>Optique secondaire avec diff\u00e9rents faisceaux ;<\/li>\n<li>Indice de rendu des couleurs \u00e9lev\u00e9 (Ra&gt;80) ;<\/li>\n<\/ul>\n<p>&nbsp;<\/p>\n<hr \/>\n<h4>DOWNLOADS<\/h4>\n<ul>\n<li>FICHE TECHNIQUE : <a href=\"https:\/\/lightenjin.pt\/pdfs\/ft\/ft-linne-w-fr.pdf\" target=\"_blank\" rel=\"noopener\">link<\/a><\/li>\n<li>INSTRUCTIONS DE MONTAGE :\u00a0 <a href=\"https:\/\/lightenjin.pt\/pdfs\/im\/im-linne-w.pdf\" target=\"_blank\" rel=\"noopener\">link<\/a><\/li>\n<li>D\u00c9CLARATION DE CONFORMIT\u00c9 :\u00a0 <a href=\"https:\/\/lightenjin.pt\/pdfs\/dc\/dc-linne-w.pdf\" target=\"_blank\" rel=\"noopener\">link<\/a><\/li>\n<li>LDT PHOTOM\u00c9TRIE : <a href=\"https:\/\/lightenjin.pt\/pdfs\/ldt\/linne-w.zip\">link<\/a><\/li>\n<\/ul>\n","protected":false},"excerpt":{"rendered":"<p><strong>LINNE W <\/strong>fait partie d&rsquo;une gamme de produits autoportants. Avec un moteur lumineux \u00e0 LED qui s&rsquo;ins\u00e8re dans un rail \u00e9lectrique, ce qui permet de cr\u00e9er des lignes continues avec diff\u00e9rents modules tels que des rails aveugles, des moteurs lumineux simples et des kits d&rsquo;urgence.<\/p>\n<p>Avec des LED ayant un indice de rendu des couleurs \u00e9lev\u00e9 (Ra&gt;80) et une efficacit\u00e9 lumineuse globale \u00e9lev\u00e9e. LED \u00e0 longue dur\u00e9e de vie (&gt;50 000h), avec diff\u00e9rentes temp\u00e9ratures de couleur disponibles.<br \/>\nOptique secondaire avec diff\u00e9rents faisceaux.<\/p>\n","protected":false},"featured_media":7962,"template":"","meta":{"iawp_total_views":2},"product_brand":[],"product_cat":[103,108,366,107],"product_tag":[368,437,538,426,392],"class_list":{"0":"post-15191","1":"product","2":"type-product","3":"status-publish","4":"has-post-thumbnail","6":"product_cat-gamme-euluce","7":"product_cat-interieur","8":"product_cat-saillant","9":"product_cat-suspendu","10":"product_tag-commerce-fr","11":"product_tag-industrie","12":"product_tag-plafonniers","13":"product_tag-profil","14":"product_tag-suspendu","15":"pa_acabamento-blanc","16":"pa_aplicacao-saillant","17":"pa_aplicacao-suspendu","18":"pa_area-de-aplicacao-commerce-fr","19":"pa_area-de-aplicacao-musees","21":"first","22":"instock","23":"shipping-taxable","24":"product-type-simple"},"_links":{"self":[{"href":"https:\/\/lightenjin.pt\/fr\/wp-json\/wp\/v2\/product\/15191","targetHints":{"allow":["GET"]}}],"collection":[{"href":"https:\/\/lightenjin.pt\/fr\/wp-json\/wp\/v2\/product"}],"about":[{"href":"https:\/\/lightenjin.pt\/fr\/wp-json\/wp\/v2\/types\/product"}],"version-history":[{"count":3,"href":"https:\/\/lightenjin.pt\/fr\/wp-json\/wp\/v2\/product\/15191\/revisions"}],"predecessor-version":[{"id":23007,"href":"https:\/\/lightenjin.pt\/fr\/wp-json\/wp\/v2\/product\/15191\/revisions\/23007"}],"wp:featuredmedia":[{"embeddable":true,"href":"https:\/\/lightenjin.pt\/fr\/wp-json\/wp\/v2\/media\/7962"}],"wp:attachment":[{"href":"https:\/\/lightenjin.pt\/fr\/wp-json\/wp\/v2\/media?parent=15191"}],"wp:term":[{"taxonomy":"product_brand","embeddable":true,"href":"https:\/\/lightenjin.pt\/fr\/wp-json\/wp\/v2\/product_brand?post=15191"},{"taxonomy":"product_cat","embeddable":true,"href":"https:\/\/lightenjin.pt\/fr\/wp-json\/wp\/v2\/product_cat?post=15191"},{"taxonomy":"product_tag","embeddable":true,"href":"https:\/\/lightenjin.pt\/fr\/wp-json\/wp\/v2\/product_tag?post=15191"}],"curies":[{"name":"wp","href":"https:\/\/api.w.org\/{rel}","templated":true}]}}