{"id":15267,"date":"2015-10-14T00:00:00","date_gmt":"2015-10-13T23:00:00","guid":{"rendered":"https:\/\/lightenjin.pt\/product\/orbis-r-160\/"},"modified":"2025-01-15T15:41:15","modified_gmt":"2025-01-15T15:41:15","slug":"orbis-r-160","status":"publish","type":"product","link":"https:\/\/lightenjin.pt\/fr\/produit\/orbis-r-160\/","title":{"rendered":"ORBIS R 160"},"content":{"rendered":"<ul>\n<li>\u00c9clairage vers le bas ;<\/li>\n<li>Application encastr\u00e9e ;<\/li>\n<li>Cadre en aluminium color\u00e9 ;<\/li>\n<li>Diffuseur transparent ou mat ;<\/li>\n<li>Dur\u00e9e de vie des LED (&gt;50 000 h) ;<\/li>\n<li>Diff\u00e9rentes temp\u00e9ratures de couleur disponibles ;<\/li>\n<li>Indice de rendu des couleurs \u00e9lev\u00e9 (Ra&gt;90) ;<\/li>\n<li>Filtres de couleur disponibles sur demande<\/li>\n<li>Sp\u00e9cialement pour les espaces domestiques ;<\/li>\n<\/ul>\n<p>&nbsp;<\/p>\n<hr \/>\n<h4>DOWNLOADS<\/h4>\n<ul>\n<li>FICHE TECHNIQUE : <a href=\"https:\/\/lightenjin.pt\/pdfs\/ft\/ft-orbis-r-160-fr.pdf\" target=\"_blank\" rel=\"noopener\">link<\/a><\/li>\n<li>INSTRUCTIONS DE MONTAGE :\u00a0 <a href=\"https:\/\/lightenjin.pt\/pdfs\/im\/im-orbis-r-160.pdf\" target=\"_blank\" rel=\"noopener\">link<\/a><\/li>\n<li>D\u00c9CLARATION DE CONFORMIT\u00c9 :\u00a0 <a href=\"https:\/\/lightenjin.pt\/pdfs\/dc\/dc-orbis-r.pdf\" target=\"_blank\" rel=\"noopener\">link<\/a><\/li>\n<li>LDT PHOTOM\u00c9TRIE : <a href=\"https:\/\/lightenjin.pt\/pdfs\/ldt\/orbis-r-160.zip\">link<\/a><\/li>\n<\/ul>\n","protected":false},"excerpt":{"rendered":"<p>La famille <strong>ORBIS R<\/strong> est une solution sp\u00e9cialement con\u00e7ue pour les espaces domestiques &#8211; un design \u00e9l\u00e9gant, une int\u00e9gration facile et la simplicit\u00e9 d&rsquo;un luminaire sans compromettre son efficacit\u00e9 et son rendement lumineux. L&rsquo;anneau de finition encastr\u00e9 garantit une cha\u00eene plus basse que les solutions conventionnelles.<\/p>\n<p>Avec des LED ayant un indice de rendu des couleurs \u00e9lev\u00e9 (Ra&gt;90) et une longue dur\u00e9e de vie (&gt;50.000h), avec diff\u00e9rentes temp\u00e9ratures de couleur disponibles.<\/p>\n","protected":false},"featured_media":8398,"template":"","meta":{"iawp_total_views":2},"product_brand":[],"product_cat":[524,435,103,108],"product_tag":[543,371,370,369],"class_list":{"0":"post-15267","1":"product","2":"type-product","3":"status-publish","4":"has-post-thumbnail","6":"product_cat-downlights-fr","7":"product_cat-encastre","8":"product_cat-gamme-euluce","9":"product_cat-interieur","10":"product_tag-bureaux","11":"product_tag-culture-fr","12":"product_tag-lhotellerie","13":"product_tag-residence-fr","15":"first","16":"instock","17":"shipping-taxable","18":"product-type-simple"},"_links":{"self":[{"href":"https:\/\/lightenjin.pt\/fr\/wp-json\/wp\/v2\/product\/15267","targetHints":{"allow":["GET"]}}],"collection":[{"href":"https:\/\/lightenjin.pt\/fr\/wp-json\/wp\/v2\/product"}],"about":[{"href":"https:\/\/lightenjin.pt\/fr\/wp-json\/wp\/v2\/types\/product"}],"version-history":[{"count":5,"href":"https:\/\/lightenjin.pt\/fr\/wp-json\/wp\/v2\/product\/15267\/revisions"}],"predecessor-version":[{"id":22743,"href":"https:\/\/lightenjin.pt\/fr\/wp-json\/wp\/v2\/product\/15267\/revisions\/22743"}],"wp:featuredmedia":[{"embeddable":true,"href":"https:\/\/lightenjin.pt\/fr\/wp-json\/wp\/v2\/media\/8398"}],"wp:attachment":[{"href":"https:\/\/lightenjin.pt\/fr\/wp-json\/wp\/v2\/media?parent=15267"}],"wp:term":[{"taxonomy":"product_brand","embeddable":true,"href":"https:\/\/lightenjin.pt\/fr\/wp-json\/wp\/v2\/product_brand?post=15267"},{"taxonomy":"product_cat","embeddable":true,"href":"https:\/\/lightenjin.pt\/fr\/wp-json\/wp\/v2\/product_cat?post=15267"},{"taxonomy":"product_tag","embeddable":true,"href":"https:\/\/lightenjin.pt\/fr\/wp-json\/wp\/v2\/product_tag?post=15267"}],"curies":[{"name":"wp","href":"https:\/\/api.w.org\/{rel}","templated":true}]}}