{"id":15536,"date":"2016-07-29T00:00:00","date_gmt":"2016-07-28T23:00:00","guid":{"rendered":"https:\/\/lightenjin.pt\/product\/sheer-q-3x170\/"},"modified":"2025-01-17T13:59:30","modified_gmt":"2025-01-17T13:59:30","slug":"sheer-q-3x170","status":"publish","type":"product","link":"https:\/\/lightenjin.pt\/fr\/produit\/sheer-q-3x170\/","title":{"rendered":"SHEER Q 3&#215;170"},"content":{"rendered":"<ul>\n<li>\u00c9clairage vers le bas ;<\/li>\n<li>Application encastr\u00e9e ;<\/li>\n<li>Corps en acier color\u00e9 ;<\/li>\n<li>Longue dur\u00e9e de vie (&gt;50 000 h) ;<\/li>\n<li>Diff\u00e9rentes temp\u00e9ratures de couleur disponibles ;<\/li>\n<li>Indice de rendu des couleurs \u00e9lev\u00e9 (Ra&gt;90) ;<\/li>\n<li>Orientable :<\/li>\n<li>Filtres de couleur disponibles sur demande.<\/li>\n<\/ul>\n<hr \/>\n<h4>DOWNLOADS<\/h4>\n<ul>\n<li>FICHE TECHNIQUE : <a href=\"https:\/\/lightenjin.pt\/pdfs\/ft\/ft-sheer-q-3x170-fr.pdf\" target=\"_blank\" rel=\"noopener\">link<\/a><\/li>\n<li>INSTRUCTIONS DE MONTAGE :\u00a0 <a href=\"https:\/\/lightenjin.pt\/pdfs\/im\/im-sheer-q-3x170.pdf\" target=\"_blank\" rel=\"noopener\">link<\/a><\/li>\n<li>D\u00c9CLARATION DE CONFORMIT\u00c9 :\u00a0 <a href=\"https:\/\/lightenjin.pt\/pdfs\/dc\/dc-sheer-q.pdf\" target=\"_blank\" rel=\"noopener\">link<\/a><\/li>\n<\/ul>\n","protected":false},"excerpt":{"rendered":"<p><strong>SHEER <\/strong>est un downlight con\u00e7u pour les espaces commerciaux et r\u00e9sidentiels, qui se distingue par sa capacit\u00e9 \u00e0 orienter la source lumineuse selon un ou deux axes. Il s&rsquo;agit d&rsquo;un produit de fixation encastr\u00e9 dans le plafond qui \u00e9claire les murs, les panneaux d&rsquo;affichage ou d&rsquo;autres \u00e9l\u00e9ments d\u00e9coratifs.<br \/>\nLa famille Q se distingue par son cadre carr\u00e9.<br \/>\nOrientable.<\/p>\n<p>Avec des LED ayant un indice de rendu des couleurs \u00e9lev\u00e9 (Ra&gt;90) et une longue dur\u00e9e de vie (&gt;50 000h), avec diff\u00e9rentes temp\u00e9ratures de couleur disponibles.<\/p>\n","protected":false},"featured_media":8627,"template":"","meta":{"iawp_total_views":0},"product_brand":[],"product_cat":[524,435,103,108],"product_tag":[543,368,371,448,535,370,372,369],"class_list":{"0":"post-15536","1":"product","2":"type-product","3":"status-publish","4":"has-post-thumbnail","6":"product_cat-downlights-fr","7":"product_cat-encastre","8":"product_cat-gamme-euluce","9":"product_cat-interieur","10":"product_tag-bureaux","11":"product_tag-commerce-fr","12":"product_tag-culture-fr","13":"product_tag-downlight-fr","14":"product_tag-encastre","15":"product_tag-lhotellerie","16":"product_tag-orientable-fr","17":"product_tag-residence-fr","19":"first","20":"instock","21":"shipping-taxable","22":"product-type-simple"},"_links":{"self":[{"href":"https:\/\/lightenjin.pt\/fr\/wp-json\/wp\/v2\/product\/15536","targetHints":{"allow":["GET"]}}],"collection":[{"href":"https:\/\/lightenjin.pt\/fr\/wp-json\/wp\/v2\/product"}],"about":[{"href":"https:\/\/lightenjin.pt\/fr\/wp-json\/wp\/v2\/types\/product"}],"version-history":[{"count":2,"href":"https:\/\/lightenjin.pt\/fr\/wp-json\/wp\/v2\/product\/15536\/revisions"}],"predecessor-version":[{"id":22858,"href":"https:\/\/lightenjin.pt\/fr\/wp-json\/wp\/v2\/product\/15536\/revisions\/22858"}],"wp:featuredmedia":[{"embeddable":true,"href":"https:\/\/lightenjin.pt\/fr\/wp-json\/wp\/v2\/media\/8627"}],"wp:attachment":[{"href":"https:\/\/lightenjin.pt\/fr\/wp-json\/wp\/v2\/media?parent=15536"}],"wp:term":[{"taxonomy":"product_brand","embeddable":true,"href":"https:\/\/lightenjin.pt\/fr\/wp-json\/wp\/v2\/product_brand?post=15536"},{"taxonomy":"product_cat","embeddable":true,"href":"https:\/\/lightenjin.pt\/fr\/wp-json\/wp\/v2\/product_cat?post=15536"},{"taxonomy":"product_tag","embeddable":true,"href":"https:\/\/lightenjin.pt\/fr\/wp-json\/wp\/v2\/product_tag?post=15536"}],"curies":[{"name":"wp","href":"https:\/\/api.w.org\/{rel}","templated":true}]}}