{"id":15603,"date":"2016-08-01T00:00:00","date_gmt":"2016-08-01T00:00:00","guid":{"rendered":"https:\/\/lightenjin.pt\/product\/altus-q-190\/"},"modified":"2025-09-12T17:30:57","modified_gmt":"2025-09-12T16:30:57","slug":"altus-q-190","status":"publish","type":"product","link":"https:\/\/lightenjin.pt\/fr\/produit\/altus-q-190\/","title":{"rendered":"ALTUS Q 190"},"content":{"rendered":"<ul>\n<li>Application en saillie ;<\/li>\n<li>Corps en t\u00f4le d&rsquo;acier poli laqu\u00e9 \u00e0 la couleur;<\/li>\n<li>Diffuseur en option;<\/li>\n<li>Dur\u00e9e de vie des LED (&gt;50 000 h);<\/li>\n<li>Diff\u00e9rentes temp\u00e9ratures de couleur disponibles;<\/li>\n<li>Indice de rendu des couleurs \u00e9lev\u00e9 (Ra&gt;90) ;<\/li>\n<\/ul>\n<p>&nbsp;<\/p>\n<hr>\n<h4>DOWNLOADS<\/h4>\n<ul>\n<li>FICHE DE DONN\u00c9ES :<a href=\"https:\/\/lightenjin.pt\/pdfs\/2024\/ft\/ft-altus-q-190-fr.pdf\" target=\"_blank\" rel=\"noopener\"> link<\/a><\/li>\n<li>INSTRUCTIONS D\u2019INSTALLATION : <a href=\"https:\/\/lightenjin.pt\/pdfs\/2024\/im\/im-altus-q-190.pdf\" target=\"_blank\" rel=\"noopener\">link<\/a><a href=\"https:\/\/lightenjin.pt\/pdfs\/altus-q190-ficha-tecnica-web.pdf\" target=\"_blank\" rel=\"noopener\"><br \/>\n<\/a><\/li>\n<li>D\u00c9CLARATION DE CONFORMIT\u00c9 : <a href=\"https:\/\/lightenjin.pt\/pdfs\/2024\/dc\/dc-altus-q.pdf\" target=\"_blank\" rel=\"noopener\">link<\/a><\/li>\n<\/ul>\n","protected":false},"excerpt":{"rendered":"<p>La famille <strong>ALTUS<\/strong> est une solution sp\u00e9cialement con\u00e7ue pour les espaces qui ne peuvent pas \u00eatre fix\u00e9s par encastrement. Une famille compos\u00e9e de diff\u00e9rents mod\u00e8les de forme simple, pour montage en surface et de taille proportionnelle \u00e0 leur puissance. Les mod\u00e8les Q se distinguent par leur forme carr\u00e9e.<\/p>\n<p>Avec des LED ayant un indice de rendu des couleurs \u00e9lev\u00e9 (Ra&gt;90) et une longue dur\u00e9e de vie (&gt;50 000h), avec diff\u00e9rentes temp\u00e9ratures de couleur disponibles.<\/p>\n<p>&nbsp;<\/p>\n","protected":false},"featured_media":8696,"template":"","meta":{"iawp_total_views":6},"product_brand":[],"product_cat":[103,108,366],"product_tag":[368,371,370,369],"class_list":{"0":"post-15603","1":"product","2":"type-product","3":"status-publish","4":"has-post-thumbnail","6":"product_cat-gamme-euluce","7":"product_cat-interieur","8":"product_cat-saillant","9":"product_tag-commerce-fr","10":"product_tag-culture-fr","11":"product_tag-lhotellerie","12":"product_tag-residence-fr","14":"first","15":"instock","16":"shipping-taxable","17":"product-type-simple"},"_links":{"self":[{"href":"https:\/\/lightenjin.pt\/fr\/wp-json\/wp\/v2\/product\/15603","targetHints":{"allow":["GET"]}}],"collection":[{"href":"https:\/\/lightenjin.pt\/fr\/wp-json\/wp\/v2\/product"}],"about":[{"href":"https:\/\/lightenjin.pt\/fr\/wp-json\/wp\/v2\/types\/product"}],"version-history":[{"count":5,"href":"https:\/\/lightenjin.pt\/fr\/wp-json\/wp\/v2\/product\/15603\/revisions"}],"predecessor-version":[{"id":25718,"href":"https:\/\/lightenjin.pt\/fr\/wp-json\/wp\/v2\/product\/15603\/revisions\/25718"}],"wp:featuredmedia":[{"embeddable":true,"href":"https:\/\/lightenjin.pt\/fr\/wp-json\/wp\/v2\/media\/8696"}],"wp:attachment":[{"href":"https:\/\/lightenjin.pt\/fr\/wp-json\/wp\/v2\/media?parent=15603"}],"wp:term":[{"taxonomy":"product_brand","embeddable":true,"href":"https:\/\/lightenjin.pt\/fr\/wp-json\/wp\/v2\/product_brand?post=15603"},{"taxonomy":"product_cat","embeddable":true,"href":"https:\/\/lightenjin.pt\/fr\/wp-json\/wp\/v2\/product_cat?post=15603"},{"taxonomy":"product_tag","embeddable":true,"href":"https:\/\/lightenjin.pt\/fr\/wp-json\/wp\/v2\/product_tag?post=15603"}],"curies":[{"name":"wp","href":"https:\/\/api.w.org\/{rel}","templated":true}]}}