{"id":15647,"date":"2016-08-10T00:00:00","date_gmt":"2016-08-09T23:00:00","guid":{"rendered":"https:\/\/lightenjin.pt\/product\/oppidum\/"},"modified":"2025-01-22T09:46:35","modified_gmt":"2025-01-22T09:46:35","slug":"oppidum","status":"publish","type":"product","link":"https:\/\/lightenjin.pt\/fr\/produit\/oppidum\/","title":{"rendered":"OPPIDUM"},"content":{"rendered":"<ul>\n<li>Eclairage public d\u00e9coratif ;<\/li>\n<li>Montage sur poteau, de 4 \u00e0 6 m\u00e8tres ;<\/li>\n<li>Corps en aluminium inject\u00e9 ;<\/li>\n<li>Diffuseur en verre tremp\u00e9 transparent (garantit IK10 et protection contre les chutes de particules;<\/li>\n<li>Diffuseur lat\u00e9ral en option (opale ou prismatique, sur demande) ;<\/li>\n<li>Luminaire fourni sans diffuseur lat\u00e9ral ;<\/li>\n<li>Dur\u00e9e de vie des LED (&gt;100 000 h) ;<\/li>\n<li>Diff\u00e9rentes temp\u00e9ratures de couleur disponibles ;<\/li>\n<li>Indice de rendu des couleurs (Ra&gt;70) ;<\/li>\n<li>Possibilit\u00e9 d&rsquo;int\u00e9grer des fiches de connexion (NEMA et Zhaga), pour l&rsquo;int\u00e9gration du syst\u00e8me de contr\u00f4le ;<\/li>\n<\/ul>\n<p>&nbsp;<\/p>\n<hr \/>\n<p><strong>DOWNLOADS<\/strong><\/p>\n<ul>\n<li>FICHE TECHNIQUE : <a href=\"https:\/\/lightenjin.pt\/pdfs\/ft\/ft-oppidum-fr.pdf\" target=\"_blank\" rel=\"noopener\">link<\/a><\/li>\n<li>INSTRUCTIONS DE MONTAGE : <a href=\"https:\/\/lightenjin.pt\/pdfs\/im\/im-oppidum.pdf\" target=\"_blank\" rel=\"noopener\">link<\/a><\/li>\n<li>IMPORTANT REMARQUES : <a href=\"https:\/\/lightenjin.pt\/pdfs\/nt\/nt-oppidum.pdf\" target=\"_blank\" rel=\"noopener\">link<\/a><\/li>\n<li>D\u00c9CLARATION DE CONFORMIT\u00c9 :\u00a0 <a href=\"https:\/\/lightenjin.pt\/pdfs\/dc\/dc-oppidum.pdf\" target=\"_blank\" rel=\"noopener\">link<\/a><\/li>\n<\/ul>\n","protected":false},"excerpt":{"rendered":"<p><strong>OPPIDUM <\/strong>est une solution d&rsquo;\u00e9clairage pour les espaces publics, sp\u00e9cialement con\u00e7ue dans un style \u00ab traditionnel \u00bb sans p\u00e9naliser ses performances. Id\u00e9al pour les environnements r\u00e9sidentiels et urbains, les places publiques et les sites historiques.<\/p>\n<p>Avec des LED ayant un indice de rendu des couleurs \u00e9lev\u00e9 (Ra&gt;70) et une efficacit\u00e9 lumineuse globale \u00e9lev\u00e9e comprise entre 96 et 105 lm\/W. LED avec une dur\u00e9e de vie utile \u00e9lev\u00e9e (&gt;100.000h), avec diff\u00e9rentes temp\u00e9ratures de couleur disponibles.<\/p>\n<p>G\u00e9n\u00e9ralement appliqu\u00e9es sur des poteaux de 4 \u00e0 6 m\u00e8tres.<\/p>\n","protected":false},"featured_media":8751,"template":"","meta":{"iawp_total_views":4},"product_brand":[],"product_cat":[505,504,518],"product_tag":[511,531,447,512,532],"class_list":{"0":"post-15647","1":"product","2":"type-product","3":"status-publish","4":"has-post-thumbnail","6":"product_cat-circulation-fr","7":"product_cat-exterieur","8":"product_cat-public-fr","9":"product_tag-aires-de-stationnement","10":"product_tag-parcs","11":"product_tag-zhaga-d4i-fr","12":"product_tag-zones-residentielles","13":"product_tag-zones-urbaines","14":"pa_aplicacao-poteaux","16":"first","17":"instock","18":"shipping-taxable","19":"product-type-simple"},"_links":{"self":[{"href":"https:\/\/lightenjin.pt\/fr\/wp-json\/wp\/v2\/product\/15647","targetHints":{"allow":["GET"]}}],"collection":[{"href":"https:\/\/lightenjin.pt\/fr\/wp-json\/wp\/v2\/product"}],"about":[{"href":"https:\/\/lightenjin.pt\/fr\/wp-json\/wp\/v2\/types\/product"}],"version-history":[{"count":3,"href":"https:\/\/lightenjin.pt\/fr\/wp-json\/wp\/v2\/product\/15647\/revisions"}],"predecessor-version":[{"id":23063,"href":"https:\/\/lightenjin.pt\/fr\/wp-json\/wp\/v2\/product\/15647\/revisions\/23063"}],"wp:featuredmedia":[{"embeddable":true,"href":"https:\/\/lightenjin.pt\/fr\/wp-json\/wp\/v2\/media\/8751"}],"wp:attachment":[{"href":"https:\/\/lightenjin.pt\/fr\/wp-json\/wp\/v2\/media?parent=15647"}],"wp:term":[{"taxonomy":"product_brand","embeddable":true,"href":"https:\/\/lightenjin.pt\/fr\/wp-json\/wp\/v2\/product_brand?post=15647"},{"taxonomy":"product_cat","embeddable":true,"href":"https:\/\/lightenjin.pt\/fr\/wp-json\/wp\/v2\/product_cat?post=15647"},{"taxonomy":"product_tag","embeddable":true,"href":"https:\/\/lightenjin.pt\/fr\/wp-json\/wp\/v2\/product_tag?post=15647"}],"curies":[{"name":"wp","href":"https:\/\/api.w.org\/{rel}","templated":true}]}}