{"id":15691,"date":"2017-01-18T00:00:00","date_gmt":"2017-01-18T00:00:00","guid":{"rendered":"https:\/\/lightenjin.pt\/product\/llamp\/"},"modified":"2025-01-22T11:23:21","modified_gmt":"2025-01-22T11:23:21","slug":"llamp","status":"publish","type":"product","link":"https:\/\/lightenjin.pt\/fr\/produit\/llamp\/","title":{"rendered":"LLAMP"},"content":{"rendered":"<ul>\n<li>Eclairage public ;<\/li>\n<li>Point lumineux autonome et efficace ;<\/li>\n<li>Fonctionnement sans raccordement au r\u00e9seau ;<\/li>\n<li>Montage au sol ;<\/li>\n<li>Corps en t\u00f4le d&rsquo;acier avec traitement de surface anticorrosion ;<\/li>\n<li>Autonomie jusqu&rsquo;\u00e0 3 jours sans soleil ;<\/li>\n<li>Longue dur\u00e9e de vie (&gt;100 000 h) ;<\/li>\n<li>Diff\u00e9rentes temp\u00e9ratures de couleur disponibles ;<\/li>\n<li>Indice de rendu des couleurs (Ra&gt;70) ;<\/li>\n<li>Structure du produit : luminaire, colonne, contr\u00f4leur, panneaux solaires, c\u00e2blage, batteries ;<\/li>\n<li>Diff\u00e9rentes options de luminaires \u00e0 int\u00e9grer disponibles sur demande ;<\/li>\n<\/ul>\n<p>&nbsp;<\/p>\n<hr \/>\n<h4>DOWNLOADS<\/h4>\n<ul>\n<li>FICHE TECHNIQUE : <a href=\"https:\/\/lightenjin.pt\/pdfs\/ft\/ft-llamp-fr.pdf\" target=\"_blank\" rel=\"noopener\">link<\/a><\/li>\n<li>INSTRUCTIONS DE MONTAGE : <a href=\"https:\/\/lightenjin.pt\/pdfs\/im\/im-llamp.pdf\" target=\"_blank\" rel=\"noopener\">link<\/a><\/li>\n<\/ul>\n","protected":false},"excerpt":{"rendered":"<p><strong>LLAMP <\/strong>est une solution d&rsquo;\u00e9clairage public autonome et efficace. Un point lumineux autonome qui produit l&rsquo;\u00e9nergie n\u00e9cessaire pour \u00e9clairer les espaces publics tout au long de l&rsquo;ann\u00e9e, de mani\u00e8re discr\u00e8te et \u00e9l\u00e9gante, sans avoir besoin d&rsquo;\u00eatre connect\u00e9 au r\u00e9seau \u00e9lectrique.<\/p>\n<p>Avec diff\u00e9rentes options d&rsquo;application des luminaires utilisant des LED avec un indice de rendu des couleurs \u00e9lev\u00e9 (Ra&gt;70) et une longue dur\u00e9e de vie (&gt;100 000h), avec diff\u00e9rentes temp\u00e9ratures de couleur disponibles.<\/p>\n","protected":false},"featured_media":9291,"template":"","meta":{"iawp_total_views":4},"product_brand":[],"product_cat":[505,504,518],"product_tag":[563,561,531,512],"class_list":{"0":"post-15691","1":"product","2":"type-product","3":"status-publish","4":"has-post-thumbnail","6":"product_cat-circulation-fr","7":"product_cat-exterieur","8":"product_cat-public-fr","9":"product_tag-exterieur","10":"product_tag-jardins-fr","11":"product_tag-parcs","12":"product_tag-zones-residentielles","13":"pa_acabamento-gris","14":"pa_aplicacao-poteaux","16":"first","17":"instock","18":"shipping-taxable","19":"product-type-simple"},"_links":{"self":[{"href":"https:\/\/lightenjin.pt\/fr\/wp-json\/wp\/v2\/product\/15691","targetHints":{"allow":["GET"]}}],"collection":[{"href":"https:\/\/lightenjin.pt\/fr\/wp-json\/wp\/v2\/product"}],"about":[{"href":"https:\/\/lightenjin.pt\/fr\/wp-json\/wp\/v2\/types\/product"}],"version-history":[{"count":3,"href":"https:\/\/lightenjin.pt\/fr\/wp-json\/wp\/v2\/product\/15691\/revisions"}],"predecessor-version":[{"id":23091,"href":"https:\/\/lightenjin.pt\/fr\/wp-json\/wp\/v2\/product\/15691\/revisions\/23091"}],"wp:featuredmedia":[{"embeddable":true,"href":"https:\/\/lightenjin.pt\/fr\/wp-json\/wp\/v2\/media\/9291"}],"wp:attachment":[{"href":"https:\/\/lightenjin.pt\/fr\/wp-json\/wp\/v2\/media?parent=15691"}],"wp:term":[{"taxonomy":"product_brand","embeddable":true,"href":"https:\/\/lightenjin.pt\/fr\/wp-json\/wp\/v2\/product_brand?post=15691"},{"taxonomy":"product_cat","embeddable":true,"href":"https:\/\/lightenjin.pt\/fr\/wp-json\/wp\/v2\/product_cat?post=15691"},{"taxonomy":"product_tag","embeddable":true,"href":"https:\/\/lightenjin.pt\/fr\/wp-json\/wp\/v2\/product_tag?post=15691"}],"curies":[{"name":"wp","href":"https:\/\/api.w.org\/{rel}","templated":true}]}}