{"id":15823,"date":"2024-02-16T17:06:51","date_gmt":"2024-02-16T17:06:51","guid":{"rendered":"https:\/\/lightenjin.pt\/?post_type=product&#038;p=15823"},"modified":"2025-01-15T10:15:44","modified_gmt":"2025-01-15T10:15:44","slug":"tuled-20-horti","status":"publish","type":"product","link":"https:\/\/lightenjin.pt\/fr\/produit\/tuled-20-horti\/","title":{"rendered":"TULED 20 HORTI"},"content":{"rendered":"<ul>\n<li>\u00c9clairage horticole ;<\/li>\n<li>\u00c9clairage d&rsquo;\u00e9tag\u00e8res ou vertical ;<\/li>\n<li>Spectre personnalis\u00e9 en fonction des besoins et facilement adaptable aux diff\u00e9rentes variations de temp\u00e9rature ;<\/li>\n<li>Montage en surface ou suspendu ;<\/li>\n<li>Plateaux en acier inoxydable AISI 316 ;<\/li>\n<li>Diffuseur transparent ;<\/li>\n<li>Dur\u00e9e de vie \u00e9lev\u00e9e des LED (&gt;50 000 h) ;<\/li>\n<li>Diff\u00e9rentes temp\u00e9ratures de couleur disponibles ;<\/li>\n<li>Indice de rendu des couleurs \u00e9lev\u00e9 (Ra&gt;80) ;<\/li>\n<li>Avec syst\u00e8me de contr\u00f4le de la temp\u00e9rature, de l&rsquo;humidit\u00e9, de l&rsquo;\u00e9clairage et de la fluorescence ;<\/li>\n<\/ul>\n<hr \/>\n<h4>DOWNLOADS<\/h4>\n<ul>\n<li>FICHE TECHNIQUE : <a href=\"https:\/\/lightenjin.pt\/pdfs\/ft\/ft-tuled-20-horti-fr.pdf\" target=\"_blank\" rel=\"noopener\">link<\/a><\/li>\n<li>INSTRUCTIONS DE MONTAGE :\u00a0 <a href=\"https:\/\/lightenjin.pt\/pdfs\/im\/im-tuled-20-horti.pdf\" target=\"_blank\" rel=\"noopener\">link<\/a><\/li>\n<li>D\u00c9CLARATION DE CONFORMIT\u00c9 :\u00a0 <a href=\"https:\/\/lightenjin.pt\/pdfs\/dc\/dc-tuled-20.pdf\" target=\"_blank\" rel=\"noopener\">link<\/a><\/li>\n<\/ul>\n","protected":false},"excerpt":{"rendered":"<p><strong>TULED 20 HORTI<\/strong> il\u00a0r\u00e9sulte de la combinaison d&rsquo;un tube abritant un circuit imprim\u00e9 LED, et est sp\u00e9cialement con\u00e7u pour l&rsquo;horticulture. Produit d&rsquo;\u00e9clairage en \u00e9tag\u00e8re ou vertical, dont le spectre est personnalis\u00e9 en fonction des besoins et qui s&rsquo;adapte facilement aux diff\u00e9rentes variations de temp\u00e9rature.<br \/>\nDot\u00e9 d&rsquo;un syst\u00e8me de contr\u00f4le et de surveillance de la temp\u00e9rature, de l&rsquo;humidit\u00e9, de l&rsquo;\u00e9clairage et de la fluorescence.<\/p>\n<p>Avec des LED ayant un indice de rendu des couleurs \u00e9lev\u00e9 (Ra&gt;80) et une efficacit\u00e9 lumineuse globale \u00e9lev\u00e9e, comprise entre 124 et 131 lm\/W. LED avec une longue dur\u00e9e de vie (&gt;50.000h), avec diff\u00e9rentes temp\u00e9ratures de couleur disponibles.<\/p>\n","protected":false},"featured_media":16430,"template":"","meta":{"iawp_total_views":2},"product_brand":[],"product_cat":[1010,103],"product_tag":[1013,1019,1017],"class_list":{"0":"post-15823","1":"product","2":"type-product","3":"status-publish","4":"has-post-thumbnail","6":"product_cat-horticulture-fr","7":"product_cat-gamme-euluce","8":"product_tag-agriculture-fr","9":"product_tag-horticulture-fr","10":"product_tag-serre-chaude","12":"first","13":"instock","14":"shipping-taxable","15":"product-type-simple"},"_links":{"self":[{"href":"https:\/\/lightenjin.pt\/fr\/wp-json\/wp\/v2\/product\/15823","targetHints":{"allow":["GET"]}}],"collection":[{"href":"https:\/\/lightenjin.pt\/fr\/wp-json\/wp\/v2\/product"}],"about":[{"href":"https:\/\/lightenjin.pt\/fr\/wp-json\/wp\/v2\/types\/product"}],"version-history":[{"count":1,"href":"https:\/\/lightenjin.pt\/fr\/wp-json\/wp\/v2\/product\/15823\/revisions"}],"predecessor-version":[{"id":22723,"href":"https:\/\/lightenjin.pt\/fr\/wp-json\/wp\/v2\/product\/15823\/revisions\/22723"}],"wp:featuredmedia":[{"embeddable":true,"href":"https:\/\/lightenjin.pt\/fr\/wp-json\/wp\/v2\/media\/16430"}],"wp:attachment":[{"href":"https:\/\/lightenjin.pt\/fr\/wp-json\/wp\/v2\/media?parent=15823"}],"wp:term":[{"taxonomy":"product_brand","embeddable":true,"href":"https:\/\/lightenjin.pt\/fr\/wp-json\/wp\/v2\/product_brand?post=15823"},{"taxonomy":"product_cat","embeddable":true,"href":"https:\/\/lightenjin.pt\/fr\/wp-json\/wp\/v2\/product_cat?post=15823"},{"taxonomy":"product_tag","embeddable":true,"href":"https:\/\/lightenjin.pt\/fr\/wp-json\/wp\/v2\/product_tag?post=15823"}],"curies":[{"name":"wp","href":"https:\/\/api.w.org\/{rel}","templated":true}]}}