{"id":16501,"date":"2024-02-19T16:10:55","date_gmt":"2024-02-19T16:10:55","guid":{"rendered":"https:\/\/lightenjin.pt\/?post_type=product&#038;p=16501"},"modified":"2025-01-15T09:56:08","modified_gmt":"2025-01-15T09:56:08","slug":"vita-ii","status":"publish","type":"product","link":"https:\/\/lightenjin.pt\/fr\/produit\/vita-ii\/","title":{"rendered":"VITA II"},"content":{"rendered":"<ul>\n<li>Rail hospitalier technique<\/li>\n<li>Application de surface ;<\/li>\n<li>Profil\u00e9 double en aluminium thermolaqu\u00e9 color\u00e9 ;<\/li>\n<li>Diffuseur opale ;<\/li>\n<li>Corps avec possibilit\u00e9 de traitement antibact\u00e9rien ;<\/li>\n<li>Possibilit\u00e9 d&rsquo;int\u00e9grer des syst\u00e8mes de contr\u00f4le du rythme circadien<\/li>\n<li>Indice de rendu des couleurs (Ra&gt;80) ;<\/li>\n<\/ul>\n<hr \/>\n<h4>DOWNLOADS<\/h4>\n<ul>\n<li>FICHE TECHNIQUE : <a href=\"https:\/\/lightenjin.pt\/pdfs\/ft\/ft-vita-ii-fr.pdf\" target=\"_blank\" rel=\"noopener\">link<\/a><\/li>\n<li>D\u00c9CLARATION DE CONFORMIT\u00c9 : <a href=\"https:\/\/lightenjin.pt\/pdfs\/dc\/dc-vita.pdf\" target=\"_blank\" rel=\"noopener\">link<\/a><\/li>\n<\/ul>\n","protected":false},"excerpt":{"rendered":"<p><strong>VITA II<\/strong> &#8211; rail technique hospitalier compos\u00e9 d&rsquo;un double profil\u00e9 destin\u00e9 \u00e0 \u00eatre utilis\u00e9 \u00e0 la t\u00eate du lit d&rsquo;un patient. L&rsquo;un des profils est d\u00e9di\u00e9 \u00e0 la partie \u00e9lectrique et peut accueillir un \u00e9clairage de lecture, qui permet \u00e9galement d&rsquo;examiner le patient, un \u00e9clairage d&rsquo;ambiance et un \u00e9clairage d&rsquo;\u00e9veil. Il peut \u00e9galement int\u00e9grer diverses prises et interrupteurs, ainsi qu&rsquo;un syst\u00e8me d&rsquo;appel infirmier et d&rsquo;autres \u00e0 d\u00e9finir en fonction des besoins. L&rsquo;autre profil est exclusivement destin\u00e9 aux prises de gaz m\u00e9dical.<\/p>\n<p>C&rsquo;est la solution id\u00e9ale pour les chambres, les salles de r\u00e9veil et le traitement des patients, qui ont besoin d&rsquo;un \u00e9clairage, d&rsquo;une alimentation \u00e9lectrique, de communications et de prises de gaz m\u00e9dicaux exactement \u00e0 l&rsquo;endroit et au moment o\u00f9 ils sont n\u00e9cessaires.<\/p>\n<p>Avec la possibilit\u00e9 d&rsquo;int\u00e9grer des syst\u00e8mes de contr\u00f4le du rythme circadien.<\/p>\n","protected":false},"featured_media":20337,"template":"","meta":{"iawp_total_views":4},"product_brand":[],"product_cat":[103,734,108,366],"product_tag":[426,546],"class_list":{"0":"post-16501","1":"product","2":"type-product","3":"status-publish","4":"has-post-thumbnail","6":"product_cat-gamme-euluce","7":"product_cat-hopital","8":"product_cat-interieur","9":"product_cat-saillant","10":"product_tag-profil","11":"product_tag-soins-de-sante","12":"pa_acabamento-blanc","13":"pa_aplicacao-mur","14":"pa_area-de-aplicacao-soins-de-sante","16":"first","17":"instock","18":"shipping-taxable","19":"product-type-simple"},"_links":{"self":[{"href":"https:\/\/lightenjin.pt\/fr\/wp-json\/wp\/v2\/product\/16501","targetHints":{"allow":["GET"]}}],"collection":[{"href":"https:\/\/lightenjin.pt\/fr\/wp-json\/wp\/v2\/product"}],"about":[{"href":"https:\/\/lightenjin.pt\/fr\/wp-json\/wp\/v2\/types\/product"}],"version-history":[{"count":1,"href":"https:\/\/lightenjin.pt\/fr\/wp-json\/wp\/v2\/product\/16501\/revisions"}],"predecessor-version":[{"id":22713,"href":"https:\/\/lightenjin.pt\/fr\/wp-json\/wp\/v2\/product\/16501\/revisions\/22713"}],"wp:featuredmedia":[{"embeddable":true,"href":"https:\/\/lightenjin.pt\/fr\/wp-json\/wp\/v2\/media\/20337"}],"wp:attachment":[{"href":"https:\/\/lightenjin.pt\/fr\/wp-json\/wp\/v2\/media?parent=16501"}],"wp:term":[{"taxonomy":"product_brand","embeddable":true,"href":"https:\/\/lightenjin.pt\/fr\/wp-json\/wp\/v2\/product_brand?post=16501"},{"taxonomy":"product_cat","embeddable":true,"href":"https:\/\/lightenjin.pt\/fr\/wp-json\/wp\/v2\/product_cat?post=16501"},{"taxonomy":"product_tag","embeddable":true,"href":"https:\/\/lightenjin.pt\/fr\/wp-json\/wp\/v2\/product_tag?post=16501"}],"curies":[{"name":"wp","href":"https:\/\/api.w.org\/{rel}","templated":true}]}}