{"id":20123,"date":"2024-04-05T12:53:57","date_gmt":"2024-04-05T11:53:57","guid":{"rendered":"https:\/\/lightenjin.pt\/?post_type=product&#038;p=20123"},"modified":"2025-01-14T17:53:11","modified_gmt":"2025-01-14T17:53:11","slug":"slinda","status":"publish","type":"product","link":"https:\/\/lightenjin.pt\/fr\/produit\/slinda\/","title":{"rendered":"SLINDA"},"content":{"rendered":"<ul>\n<li>Application ferroviaire triphas\u00e9e ;<\/li>\n<li>Positionnement en ligne continue ou projecteur avec orientation sur un axe ;<\/li>\n<li>Corps en t\u00f4le d&rsquo;acier doux, thermolaqu\u00e9 en couleur ;<\/li>\n<li>Diffuseur transparent ;<\/li>\n<li>Dur\u00e9e de vie \u00e9lev\u00e9e des LED (&gt;50 000 h) ;<\/li>\n<li>Diff\u00e9rentes temp\u00e9ratures de couleur disponibles ;<\/li>\n<li>Indice de rendu des couleurs \u00e9lev\u00e9 (Ra&gt;80) ;<\/li>\n<\/ul>\n<hr \/>\n<p><strong>DOWNLOAD<\/strong><\/p>\n<ul>\n<li>FICHE TECHNIQUE: <a href=\"https:\/\/lightenjin.pt\/pdfs\/ft\/ft-slinda-fr.pdf\" target=\"_blank\" rel=\"noopener\">link<\/a><\/li>\n<li>INSTRUCTIONS DE MONTAGE : <a href=\"https:\/\/lightenjin.pt\/pdfs\/im\/im-slinda.pdf\" target=\"_blank\" rel=\"noopener\">link<\/a><\/li>\n<li>D\u00c9CLARATION DE CONFORMIT\u00c9 : <a href=\"https:\/\/lightenjin.pt\/pdfs\/dc\/dc-slinda.pdf\" target=\"_blank\" rel=\"noopener\">link<\/a><\/li>\n<\/ul>\n","protected":false},"excerpt":{"rendered":"<p><strong>SLINDA <\/strong>est une solution d&rsquo;\u00e9clairage polyvalente en termes de positionnement &#8211; ligne continue ou projecteur orient\u00e9 sur un axe. Sa forme simple le rend discret et \u00e9l\u00e9gant \u00e0 utiliser.<\/p>\n<p>Avec des LED ayant un indice de rendu des couleurs \u00e9lev\u00e9 (Ra&gt;80) et une efficacit\u00e9 lumineuse globale \u00e9lev\u00e9e comprise entre 149 et 165 lm\/W. LED \u00e0 longue dur\u00e9e de vie (&gt;50 000h), avec diff\u00e9rentes temp\u00e9ratures de couleur disponibles.<\/p>\n","protected":false},"featured_media":20130,"template":"","meta":{"iawp_total_views":0},"product_brand":[],"product_cat":[103,108,110],"product_tag":[368,372,113],"class_list":{"0":"post-20123","1":"product","2":"type-product","3":"status-publish","4":"has-post-thumbnail","6":"product_cat-gamme-euluce","7":"product_cat-interieur","8":"product_cat-rail-triphase","9":"product_tag-commerce-fr","10":"product_tag-orientable-fr","11":"product_tag-rail-triphase","13":"first","14":"instock","15":"shipping-taxable","16":"product-type-simple"},"_links":{"self":[{"href":"https:\/\/lightenjin.pt\/fr\/wp-json\/wp\/v2\/product\/20123","targetHints":{"allow":["GET"]}}],"collection":[{"href":"https:\/\/lightenjin.pt\/fr\/wp-json\/wp\/v2\/product"}],"about":[{"href":"https:\/\/lightenjin.pt\/fr\/wp-json\/wp\/v2\/types\/product"}],"version-history":[{"count":2,"href":"https:\/\/lightenjin.pt\/fr\/wp-json\/wp\/v2\/product\/20123\/revisions"}],"predecessor-version":[{"id":22708,"href":"https:\/\/lightenjin.pt\/fr\/wp-json\/wp\/v2\/product\/20123\/revisions\/22708"}],"wp:featuredmedia":[{"embeddable":true,"href":"https:\/\/lightenjin.pt\/fr\/wp-json\/wp\/v2\/media\/20130"}],"wp:attachment":[{"href":"https:\/\/lightenjin.pt\/fr\/wp-json\/wp\/v2\/media?parent=20123"}],"wp:term":[{"taxonomy":"product_brand","embeddable":true,"href":"https:\/\/lightenjin.pt\/fr\/wp-json\/wp\/v2\/product_brand?post=20123"},{"taxonomy":"product_cat","embeddable":true,"href":"https:\/\/lightenjin.pt\/fr\/wp-json\/wp\/v2\/product_cat?post=20123"},{"taxonomy":"product_tag","embeddable":true,"href":"https:\/\/lightenjin.pt\/fr\/wp-json\/wp\/v2\/product_tag?post=20123"}],"curies":[{"name":"wp","href":"https:\/\/api.w.org\/{rel}","templated":true}]}}