{"id":21571,"date":"2024-10-31T09:57:20","date_gmt":"2024-10-31T09:57:20","guid":{"rendered":"https:\/\/lightenjin.pt\/?post_type=product&#038;p=21571"},"modified":"2025-01-14T17:37:22","modified_gmt":"2025-01-14T17:37:22","slug":"linne-e-60-r","status":"publish","type":"product","link":"https:\/\/lightenjin.pt\/fr\/produit\/linne-e-60-r\/","title":{"rendered":"LINNE E 60 R"},"content":{"rendered":"<ul>\n<li>Application encastr\u00e9e ;<\/li>\n<li>Profil\u00e9 en aluminium ;<\/li>\n<li>Lentilles disponibles avec diff\u00e9rentes photom\u00e9tries ;<\/li>\n<li>Dur\u00e9e de vie des LED (&gt;50 000 h) ;<\/li>\n<li>Diff\u00e9rentes temp\u00e9ratures de couleur disponibles ;<\/li>\n<li>Indice de rendu des couleurs (Ra&gt;80) ;<\/li>\n<li>Luminaire polyvalent en termes de longueurs disponibles<\/li>\n<\/ul>\n<p>&nbsp;<\/p>\n<hr \/>\n<h4>DOWNLOADS<\/h4>\n<ul>\n<li>FICHE TECHNIQUE : <a href=\"https:\/\/lightenjin.pt\/pdfs\/ft\/ft-linne-e-60-r-fr.pdf\" target=\"_blank\" rel=\"noopener\">link<\/a><\/li>\n<li>INSTRUCTIONS DE MONTAGE :\u00a0 <a href=\"https:\/\/lightenjin.pt\/pdfs\/im\/im-linne-e-60-r.pdf\" target=\"_blank\" rel=\"noopener\">link<\/a><\/li>\n<li>DECLARACION DE CONFORMIT\u00c9 :\u00a0 <a href=\"https:\/\/lightenjin.pt\/pdfs\/dc\/dc-linne-e-60-r.pdf\" target=\"_blank\" rel=\"noopener\">link<\/a><\/li>\n<\/ul>\n","protected":false},"excerpt":{"rendered":"<p><strong>LINNE E 60 R <\/strong>est un luminaire lin\u00e9aire suspendu et contient une lentille id\u00e9ale pour diriger la lumi\u00e8re sous diff\u00e9rents angles. Luminaire polyvalent en termes de longueurs disponibles.<\/p>\n<p>Avec des LED ayant un indice de rendu des couleurs \u00e9lev\u00e9 (Ra&gt;80) et une efficacit\u00e9 lumineuse globale \u00e9lev\u00e9e, comprise entre 132 et 159 lm\/W. LED \u00e0 longue dur\u00e9e de vie (&gt;50 000h), avec diff\u00e9rentes temp\u00e9ratures de couleur disponibles.<\/p>\n<p>&nbsp;<\/p>\n","protected":false},"featured_media":21575,"template":"","meta":{"iawp_total_views":7},"product_brand":[],"product_cat":[435,103,108],"product_tag":[543,368,371,436,535,370,426,369,546,547],"class_list":{"0":"post-21571","1":"product","2":"type-product","3":"status-publish","4":"has-post-thumbnail","6":"product_cat-encastre","7":"product_cat-gamme-euluce","8":"product_cat-interieur","9":"product_tag-bureaux","10":"product_tag-commerce-fr","11":"product_tag-culture-fr","12":"product_tag-education-fr","13":"product_tag-encastre","14":"product_tag-lhotellerie","15":"product_tag-profil","16":"product_tag-residence-fr","17":"product_tag-soins-de-sante","18":"product_tag-transport-fr","20":"first","21":"instock","22":"shipping-taxable","23":"product-type-simple"},"_links":{"self":[{"href":"https:\/\/lightenjin.pt\/fr\/wp-json\/wp\/v2\/product\/21571","targetHints":{"allow":["GET"]}}],"collection":[{"href":"https:\/\/lightenjin.pt\/fr\/wp-json\/wp\/v2\/product"}],"about":[{"href":"https:\/\/lightenjin.pt\/fr\/wp-json\/wp\/v2\/types\/product"}],"version-history":[{"count":2,"href":"https:\/\/lightenjin.pt\/fr\/wp-json\/wp\/v2\/product\/21571\/revisions"}],"predecessor-version":[{"id":22910,"href":"https:\/\/lightenjin.pt\/fr\/wp-json\/wp\/v2\/product\/21571\/revisions\/22910"}],"wp:featuredmedia":[{"embeddable":true,"href":"https:\/\/lightenjin.pt\/fr\/wp-json\/wp\/v2\/media\/21575"}],"wp:attachment":[{"href":"https:\/\/lightenjin.pt\/fr\/wp-json\/wp\/v2\/media?parent=21571"}],"wp:term":[{"taxonomy":"product_brand","embeddable":true,"href":"https:\/\/lightenjin.pt\/fr\/wp-json\/wp\/v2\/product_brand?post=21571"},{"taxonomy":"product_cat","embeddable":true,"href":"https:\/\/lightenjin.pt\/fr\/wp-json\/wp\/v2\/product_cat?post=21571"},{"taxonomy":"product_tag","embeddable":true,"href":"https:\/\/lightenjin.pt\/fr\/wp-json\/wp\/v2\/product_tag?post=21571"}],"curies":[{"name":"wp","href":"https:\/\/api.w.org\/{rel}","templated":true}]}}