{"id":21843,"date":"2024-11-21T12:15:17","date_gmt":"2024-11-21T12:15:17","guid":{"rendered":"https:\/\/lightenjin.pt\/?post_type=product&#038;p=21843"},"modified":"2025-09-03T14:41:22","modified_gmt":"2025-09-03T13:41:22","slug":"arbor","status":"publish","type":"product","link":"https:\/\/lightenjin.pt\/fr\/produit\/arbor\/","title":{"rendered":"ARBOR"},"content":{"rendered":"<ul>\n<li>\u00c9clairage acoustique;<\/li>\n<li>Application suspendue ou en saillie ;<\/li>\n<li>Possibilit\u00e9 de combinaison avec diff\u00e9rents luminaires ;<\/li>\n<li>Panneaux acoustiques en PET recycl\u00e9 et recouverts de feutre : tissus ou finitions ignifuges qui conf\u00e8rent les caract\u00e9ristiques souhait\u00e9es ;<\/li>\n<li>Plusieurs couleurs disponibles <em>(sur demande)<\/em> ;<\/li>\n<li>Profil\u00e9 du luminaire en aluminium thermolaqu\u00e9 de couleur ;<\/li>\n<li>Dur\u00e9e de vie des LED (&gt;50 000 h);<\/li>\n<li>Diff\u00e9rentes temp\u00e9ratures de couleur disponibles;<\/li>\n<li>Diffuseur opale;<\/li>\n<li>Indice de restitution chromatique (Ra&gt;80);<\/li>\n<li>Possibilit\u00e9 d&rsquo;int\u00e9grer un syst\u00e8me de contr\u00f4le <em>Dali<\/em> ou <em>Tunable white (syst\u00e8me de contr\u00f4le du rythme circadien) ;<\/em><\/li>\n<\/ul>\n<p>&nbsp;<\/p>\n<hr>\n<h4>T\u00c9L\u00c9CHARGEMENTS<\/h4>\n<ul>\n<li>FICHE DE DONN\u00c9ES : <a href=\"https:\/\/lightenjin.pt\/pdfs\/ft\/ft-arbor-fr.pdf\" target=\"_blank\" rel=\"noopener\">link<\/a><\/li>\n<\/ul>\n<p>&nbsp;<\/p>\n","protected":false},"excerpt":{"rendered":"<p><strong>ARBOR<\/strong> est un panneau en forme de p\u00e9tale qui peut \u00eatre combin\u00e9 avec diff\u00e9rents luminaires. Un syst\u00e8me simple et complet dans ses fonctions. Il combine l&rsquo;\u00e9clairage et l&rsquo;acoustique, n\u00e9cessaires pour \u00e9clairer et att\u00e9nuer la propagation du son dans les espaces de travail.  <\/p>\n<p>Le luminaire dispose de LED \u00e0 indice de rendu des couleurs \u00e9lev\u00e9 (Ra&gt;80) et \u00e0 haute efficacit\u00e9 lumineuse globale comprise entre 118 et 142 lm\/W. LED \u00e0 longue dur\u00e9e de vie (&gt;50 000h), avec diff\u00e9rentes temp\u00e9ratures de couleur disponibles.<\/p>\n<p>Solution de contr\u00f4le du rythme circadien disponible sur demande.<\/p>\n<p>&nbsp;<\/p>\n<p>Pour plus d\u2019informations sur la gamme acoustique, consultez ce <a href=\"https:\/\/lightenjin.pt\/fr\/eclairage-acoustique\/\">lien<\/a><\/p>\n","protected":false},"featured_media":24320,"template":"","meta":{"iawp_total_views":4},"product_brand":[],"product_cat":[605,367,603,103,108,107],"product_tag":[543,368,438,392],"class_list":{"0":"post-21843","1":"product","2":"type-product","3":"status-publish","4":"has-post-thumbnail","6":"product_cat-acoustique","7":"product_cat-biomateriau","8":"product_cat-gamme-acoustique","9":"product_cat-gamme-euluce","10":"product_cat-interieur","11":"product_cat-suspendu","12":"product_tag-bureaux","13":"product_tag-commerce-fr","14":"product_tag-hauts-plafonds","15":"product_tag-suspendu","16":"pa_acabamento-differentes-couleurs-disponibles","17":"pa_aplicacao-suspendu","18":"pa_area-de-aplicacao-bureaux","19":"pa_area-de-aplicacao-commerce-fr","20":"pa_area-de-aplicacao-lhotellerie","21":"pa_area-de-aplicacao-residence-fr","23":"first","24":"instock","25":"shipping-taxable","26":"product-type-simple"},"_links":{"self":[{"href":"https:\/\/lightenjin.pt\/fr\/wp-json\/wp\/v2\/product\/21843","targetHints":{"allow":["GET"]}}],"collection":[{"href":"https:\/\/lightenjin.pt\/fr\/wp-json\/wp\/v2\/product"}],"about":[{"href":"https:\/\/lightenjin.pt\/fr\/wp-json\/wp\/v2\/types\/product"}],"version-history":[{"count":4,"href":"https:\/\/lightenjin.pt\/fr\/wp-json\/wp\/v2\/product\/21843\/revisions"}],"predecessor-version":[{"id":25725,"href":"https:\/\/lightenjin.pt\/fr\/wp-json\/wp\/v2\/product\/21843\/revisions\/25725"}],"wp:featuredmedia":[{"embeddable":true,"href":"https:\/\/lightenjin.pt\/fr\/wp-json\/wp\/v2\/media\/24320"}],"wp:attachment":[{"href":"https:\/\/lightenjin.pt\/fr\/wp-json\/wp\/v2\/media?parent=21843"}],"wp:term":[{"taxonomy":"product_brand","embeddable":true,"href":"https:\/\/lightenjin.pt\/fr\/wp-json\/wp\/v2\/product_brand?post=21843"},{"taxonomy":"product_cat","embeddable":true,"href":"https:\/\/lightenjin.pt\/fr\/wp-json\/wp\/v2\/product_cat?post=21843"},{"taxonomy":"product_tag","embeddable":true,"href":"https:\/\/lightenjin.pt\/fr\/wp-json\/wp\/v2\/product_tag?post=21843"}],"curies":[{"name":"wp","href":"https:\/\/api.w.org\/{rel}","templated":true}]}}