{"id":22772,"date":"2017-04-12T00:00:00","date_gmt":"2017-04-11T23:00:00","guid":{"rendered":"https:\/\/lightenjin.pt\/?post_type=product&#038;p=22772"},"modified":"2025-01-15T17:25:05","modified_gmt":"2025-01-15T17:25:05","slug":"elementare-q-170","status":"publish","type":"product","link":"https:\/\/lightenjin.pt\/fr\/produit\/elementare-q-170\/","title":{"rendered":"ELEMENTARE Q 170"},"content":{"rendered":"<ul>\n<li>\u00c9clairage vers le bas ;<\/li>\n<li>Application encastr\u00e9e ;<\/li>\n<li>Corps en acier poli et color\u00e9 ;<\/li>\n<li>Diffuseur transparent ou mat (en option) ;<\/li>\n<li>Dur\u00e9e de vie des LED (&gt;50 000h) ;<\/li>\n<li>Diff\u00e9rentes temp\u00e9ratures de couleur disponibles ;<\/li>\n<li>Indice de rendu des couleurs \u00e9lev\u00e9 (Ra&gt;80) ;<\/li>\n<li>Solution d&rsquo;\u00e9clairage avec une empreinte \u00e9cologique r\u00e9duite ;<\/li>\n<\/ul>\n<p>&nbsp;<\/p>\n<hr \/>\n<h4>DOWNLOADS<\/h4>\n<ul>\n<li>FICHE TECHNIQUE : <a href=\"https:\/\/lightenjin.pt\/pdfs\/ft\/ft-elementare-q-170-fr.pdf\" target=\"_blank\" rel=\"noopener\">link<br \/>\n<\/a><\/li>\n<li>INSTRUCTIONS DE MONTAGE:\u00a0 <a href=\"https:\/\/lightenjin.pt\/pdfs\/im\/im-elementare-q-170.pdf\" target=\"_blank\" rel=\"noopener\">link<\/a><\/li>\n<li>D\u00c9CLARATION DE CONFORMIT\u00c9 :\u00a0 <a href=\"https:\/\/lightenjin.pt\/pdfs\/dc\/dc-elementare-q.pdf\" target=\"_blank\" rel=\"noopener\">link<\/a><\/li>\n<\/ul>\n","protected":false},"excerpt":{"rendered":"<p>La famille <strong>ELEMENTARE Q<\/strong>, de forme carr\u00e9e, est une solution id\u00e9ale pour l&rsquo;\u00e9clairage g\u00e9n\u00e9ral des espaces commerciaux et r\u00e9sidentiels. Une solution d&rsquo;\u00e9clairage avec une empreinte \u00e9cologique r\u00e9duite.<\/p>\n<p>Avec des LED ayant un indice de rendu des couleurs \u00e9lev\u00e9 (Ra&gt;80) et une longue dur\u00e9e de vie (&gt;50 000h), avec diff\u00e9rentes temp\u00e9ratures de couleur disponibles.<\/p>\n","protected":false},"featured_media":9061,"template":"","meta":{"iawp_total_views":0},"product_brand":[],"product_cat":[524,435,103,108],"product_tag":[543,368,371,370,369],"class_list":{"0":"post-22772","1":"product","2":"type-product","3":"status-publish","4":"has-post-thumbnail","6":"product_cat-downlights-fr","7":"product_cat-encastre","8":"product_cat-gamme-euluce","9":"product_cat-interieur","10":"product_tag-bureaux","11":"product_tag-commerce-fr","12":"product_tag-culture-fr","13":"product_tag-lhotellerie","14":"product_tag-residence-fr","16":"first","17":"instock","18":"shipping-taxable","19":"product-type-simple"},"_links":{"self":[{"href":"https:\/\/lightenjin.pt\/fr\/wp-json\/wp\/v2\/product\/22772","targetHints":{"allow":["GET"]}}],"collection":[{"href":"https:\/\/lightenjin.pt\/fr\/wp-json\/wp\/v2\/product"}],"about":[{"href":"https:\/\/lightenjin.pt\/fr\/wp-json\/wp\/v2\/types\/product"}],"version-history":[{"count":2,"href":"https:\/\/lightenjin.pt\/fr\/wp-json\/wp\/v2\/product\/22772\/revisions"}],"predecessor-version":[{"id":22774,"href":"https:\/\/lightenjin.pt\/fr\/wp-json\/wp\/v2\/product\/22772\/revisions\/22774"}],"wp:featuredmedia":[{"embeddable":true,"href":"https:\/\/lightenjin.pt\/fr\/wp-json\/wp\/v2\/media\/9061"}],"wp:attachment":[{"href":"https:\/\/lightenjin.pt\/fr\/wp-json\/wp\/v2\/media?parent=22772"}],"wp:term":[{"taxonomy":"product_brand","embeddable":true,"href":"https:\/\/lightenjin.pt\/fr\/wp-json\/wp\/v2\/product_brand?post=22772"},{"taxonomy":"product_cat","embeddable":true,"href":"https:\/\/lightenjin.pt\/fr\/wp-json\/wp\/v2\/product_cat?post=22772"},{"taxonomy":"product_tag","embeddable":true,"href":"https:\/\/lightenjin.pt\/fr\/wp-json\/wp\/v2\/product_tag?post=22772"}],"curies":[{"name":"wp","href":"https:\/\/api.w.org\/{rel}","templated":true}]}}