{"id":22785,"date":"2019-03-27T00:00:00","date_gmt":"2019-03-27T00:00:00","guid":{"rendered":"https:\/\/lightenjin.pt\/?post_type=product&#038;p=22785"},"modified":"2025-01-15T17:57:34","modified_gmt":"2025-01-15T17:57:34","slug":"elementare-trimless-120","status":"publish","type":"product","link":"https:\/\/lightenjin.pt\/fr\/produit\/elementare-trimless-120\/","title":{"rendered":"ELEMENTARE TRIMLESS 120"},"content":{"rendered":"<ul>\n<li>\u00c9clairage par le bas ;<\/li>\n<li>Application encastr\u00e9e dans un faux plafond en pl\u00e2tre ;<\/li>\n<li>Cadre en aluminium color\u00e9 ;<\/li>\n<li>Diffuseur transparent ou mat ;<\/li>\n<li>Dur\u00e9e de vie des LED (&gt;50 000 h) ;<\/li>\n<li>Diff\u00e9rentes temp\u00e9ratures de couleur disponibles ;<\/li>\n<li>Indice de rendu des couleurs \u00e9lev\u00e9 (Ra&gt;90) ;<\/li>\n<\/ul>\n<p>&nbsp;<\/p>\n<hr \/>\n<h4>DOWNLOADS<\/h4>\n<ul>\n<li>FICHE TECHNIQUE : <a href=\"https:\/\/lightenjin.pt\/pdfs\/ft\/ft-elementare-trimless-120-fr.pdf\" target=\"_blank\" rel=\"noopener\">link<\/a><\/li>\n<li>INSTRUCTIONS DE MONTAGE :\u00a0 <a href=\"https:\/\/lightenjin.pt\/pdfs\/im\/im-elementare-trimless-120.pdf\" target=\"_blank\" rel=\"noopener\">link<\/a><\/li>\n<li>D\u00c9CLARATION DE CONFORMIT\u00c9 :\u00a0 <a href=\"https:\/\/lightenjin.pt\/pdfs\/dc\/dc-elementare-trimless.pdf\" target=\"_blank\" rel=\"noopener\">link<\/a><\/li>\n<\/ul>\n","protected":false},"excerpt":{"rendered":"<p>La famille <strong>ELEMENTARE TRIMLESS<\/strong> est une solution d&rsquo;\u00e9clairage vers le bas sans bride de finition, id\u00e9ale pour l&rsquo;int\u00e9gration dans les faux plafonds en pl\u00e2tre.<\/p>\n<p>Avec des LED ayant un indice de rendu des couleurs \u00e9lev\u00e9 (Ra&gt;90) et une efficacit\u00e9 lumineuse globale \u00e9lev\u00e9e comprise entre 85 et 114 lm\/W. LED \u00e0 longue dur\u00e9e de vie (&gt;50 000h), avec diff\u00e9rentes temp\u00e9ratures de couleur disponibles.<\/p>\n","protected":false},"featured_media":9474,"template":"","meta":{"iawp_total_views":0},"product_brand":[],"product_cat":[524,435,103,108],"product_tag":[368,369],"class_list":{"0":"post-22785","1":"product","2":"type-product","3":"status-publish","4":"has-post-thumbnail","6":"product_cat-downlights-fr","7":"product_cat-encastre","8":"product_cat-gamme-euluce","9":"product_cat-interieur","10":"product_tag-commerce-fr","11":"product_tag-residence-fr","13":"first","14":"instock","15":"shipping-taxable","16":"product-type-simple"},"_links":{"self":[{"href":"https:\/\/lightenjin.pt\/fr\/wp-json\/wp\/v2\/product\/22785","targetHints":{"allow":["GET"]}}],"collection":[{"href":"https:\/\/lightenjin.pt\/fr\/wp-json\/wp\/v2\/product"}],"about":[{"href":"https:\/\/lightenjin.pt\/fr\/wp-json\/wp\/v2\/types\/product"}],"version-history":[{"count":4,"href":"https:\/\/lightenjin.pt\/fr\/wp-json\/wp\/v2\/product\/22785\/revisions"}],"predecessor-version":[{"id":22789,"href":"https:\/\/lightenjin.pt\/fr\/wp-json\/wp\/v2\/product\/22785\/revisions\/22789"}],"wp:featuredmedia":[{"embeddable":true,"href":"https:\/\/lightenjin.pt\/fr\/wp-json\/wp\/v2\/media\/9474"}],"wp:attachment":[{"href":"https:\/\/lightenjin.pt\/fr\/wp-json\/wp\/v2\/media?parent=22785"}],"wp:term":[{"taxonomy":"product_brand","embeddable":true,"href":"https:\/\/lightenjin.pt\/fr\/wp-json\/wp\/v2\/product_brand?post=22785"},{"taxonomy":"product_cat","embeddable":true,"href":"https:\/\/lightenjin.pt\/fr\/wp-json\/wp\/v2\/product_cat?post=22785"},{"taxonomy":"product_tag","embeddable":true,"href":"https:\/\/lightenjin.pt\/fr\/wp-json\/wp\/v2\/product_tag?post=22785"}],"curies":[{"name":"wp","href":"https:\/\/api.w.org\/{rel}","templated":true}]}}