{"id":22792,"date":"2017-04-20T00:00:00","date_gmt":"2017-04-19T23:00:00","guid":{"rendered":"https:\/\/lightenjin.pt\/?post_type=product&#038;p=22792"},"modified":"2025-01-17T09:56:44","modified_gmt":"2025-01-17T09:56:44","slug":"sheer-r-100","status":"publish","type":"product","link":"https:\/\/lightenjin.pt\/fr\/produit\/sheer-r-100\/","title":{"rendered":"SHEER R 100"},"content":{"rendered":"<ul>\n<li>\u00c9clairage vers le bas ;<\/li>\n<li>Application encastr\u00e9e au plafond ;<\/li>\n<li>Corps en aluminium thermolaqu\u00e9 color\u00e9 ;<\/li>\n<li>Diffuseur transparent ;<\/li>\n<li>Dur\u00e9e de vie \u00e9lev\u00e9e des LED (&gt;50 000 h) ;<\/li>\n<li>Diff\u00e9rentes temp\u00e9ratures de couleur disponibles ;<\/li>\n<li>Orientable ;<\/li>\n<li>Indice de rendu des couleurs \u00e9lev\u00e9 (Ra&gt;90) ;<\/li>\n<li>Filtres de couleur disponibles sur demande ;<\/li>\n<\/ul>\n<p>&nbsp;<\/p>\n<hr \/>\n<h4>DOWNLOADS<\/h4>\n<ul>\n<li>FICHE TECHNIQUE : <a href=\"https:\/\/lightenjin.pt\/pdfs\/ft\/ft-sheer-r-100-fr.pdf\" target=\"_blank\" rel=\"noopener\">link<\/a><\/li>\n<li>INSTRUCTIONS DE MONTAGE :\u00a0 <a href=\"https:\/\/lightenjin.pt\/pdfs\/im\/im-sheer-r-100.pdf\" target=\"_blank\" rel=\"noopener\">link<\/a><\/li>\n<li>D\u00c9CLARATION DE CONFORMIT\u00c9 :\u00a0 <a href=\"https:\/\/lightenjin.pt\/pdfs\/dc\/dc-sheer-r.pdf\" target=\"_blank\" rel=\"noopener\">link<\/a><\/li>\n<\/ul>\n","protected":false},"excerpt":{"rendered":"<p><strong>SHEER <\/strong>est un downlight con\u00e7u pour les espaces commerciaux et r\u00e9sidentiels, qui se distingue par sa capacit\u00e9 \u00e0 orienter la source lumineuse selon un ou deux axes. Il s&rsquo;agit d&rsquo;un produit mont\u00e9 au plafond qui \u00e9claire les murs, les panneaux d&rsquo;affichage ou d&rsquo;autres \u00e9l\u00e9ments d\u00e9coratifs.<br \/>\nLa famille R se caract\u00e9rise par son cadre rond. Orientable.<\/p>\n<p>Avec des LED ayant un indice de rendu des couleurs \u00e9lev\u00e9 (Ra&gt;90) et une longue dur\u00e9e de vie (&gt;50 000h), avec diff\u00e9rentes temp\u00e9ratures de couleur disponibles.<\/p>\n<p>&nbsp;<\/p>\n","protected":false},"featured_media":9121,"template":"","meta":{"iawp_total_views":2},"product_brand":[],"product_cat":[524,435,103,108],"product_tag":[543,368,371,448,370,372,369],"class_list":{"0":"post-22792","1":"product","2":"type-product","3":"status-publish","4":"has-post-thumbnail","6":"product_cat-downlights-fr","7":"product_cat-encastre","8":"product_cat-gamme-euluce","9":"product_cat-interieur","10":"product_tag-bureaux","11":"product_tag-commerce-fr","12":"product_tag-culture-fr","13":"product_tag-downlight-fr","14":"product_tag-lhotellerie","15":"product_tag-orientable-fr","16":"product_tag-residence-fr","18":"first","19":"instock","20":"shipping-taxable","21":"product-type-simple"},"_links":{"self":[{"href":"https:\/\/lightenjin.pt\/fr\/wp-json\/wp\/v2\/product\/22792","targetHints":{"allow":["GET"]}}],"collection":[{"href":"https:\/\/lightenjin.pt\/fr\/wp-json\/wp\/v2\/product"}],"about":[{"href":"https:\/\/lightenjin.pt\/fr\/wp-json\/wp\/v2\/types\/product"}],"version-history":[{"count":2,"href":"https:\/\/lightenjin.pt\/fr\/wp-json\/wp\/v2\/product\/22792\/revisions"}],"predecessor-version":[{"id":22794,"href":"https:\/\/lightenjin.pt\/fr\/wp-json\/wp\/v2\/product\/22792\/revisions\/22794"}],"wp:featuredmedia":[{"embeddable":true,"href":"https:\/\/lightenjin.pt\/fr\/wp-json\/wp\/v2\/media\/9121"}],"wp:attachment":[{"href":"https:\/\/lightenjin.pt\/fr\/wp-json\/wp\/v2\/media?parent=22792"}],"wp:term":[{"taxonomy":"product_brand","embeddable":true,"href":"https:\/\/lightenjin.pt\/fr\/wp-json\/wp\/v2\/product_brand?post=22792"},{"taxonomy":"product_cat","embeddable":true,"href":"https:\/\/lightenjin.pt\/fr\/wp-json\/wp\/v2\/product_cat?post=22792"},{"taxonomy":"product_tag","embeddable":true,"href":"https:\/\/lightenjin.pt\/fr\/wp-json\/wp\/v2\/product_tag?post=22792"}],"curies":[{"name":"wp","href":"https:\/\/api.w.org\/{rel}","templated":true}]}}