{"id":22844,"date":"2017-04-12T00:00:00","date_gmt":"2017-04-11T23:00:00","guid":{"rendered":"https:\/\/lightenjin.pt\/?post_type=product&#038;p=22844"},"modified":"2025-01-17T12:05:34","modified_gmt":"2025-01-17T12:05:34","slug":"sheer-q-80-gu10","status":"publish","type":"product","link":"https:\/\/lightenjin.pt\/fr\/produit\/sheer-q-80-gu10\/","title":{"rendered":"SHEER Q 80 GU10"},"content":{"rendered":"<ul>\n<li>Downlight ;<\/li>\n<li>Application encastr\u00e9e ;<\/li>\n<li>Corps en aluminium color\u00e9 ;<\/li>\n<li>Diffuseur opale ou transparent (en option) ;<\/li>\n<li>Support de lampe GU10 ;<\/li>\n<li>Puissance maximale recommand\u00e9e jusqu&rsquo;\u00e0 10W.<\/li>\n<\/ul>\n<hr \/>\n<h4>DOWNLOADS<\/h4>\n<ul>\n<li>FICHE TECHNIQUE : <a href=\"https:\/\/lightenjin.pt\/pdfs\/ft\/ft-sheer-q-80-gu10-fr.pdf\" target=\"_blank\" rel=\"noopener\">link<\/a><\/li>\n<li>INSTRUCTIONS DE MONTAGE : <a href=\"https:\/\/lightenjin.pt\/pdfs\/im\/im-sheer-q-80-gu10.pdf\" target=\"_blank\" rel=\"noopener\">link<\/a><\/li>\n<li>D\u00c9CLARATION DE CONFORMIT\u00c9 :\u00a0 <a href=\"https:\/\/lightenjin.pt\/pdfs\/dc\/dc-sheer-q.pdf\" target=\"_blank\" rel=\"noopener\">link<\/a><\/li>\n<\/ul>\n","protected":false},"excerpt":{"rendered":"<p><strong>SHEER<\/strong> est un downlight con\u00e7u pour les espaces commerciaux et r\u00e9sidentiels, qui se distingue par sa capacit\u00e9 \u00e0 orienter la source lumineuse selon un ou deux axes. Il s&rsquo;agit d&rsquo;un produit de fixation encastr\u00e9 dans le plafond qui \u00e9claire les murs, les panneaux d&rsquo;affichage ou d&rsquo;autres \u00e9l\u00e9ments d\u00e9coratifs. La famille Q se distingue par son cadre carr\u00e9. Orientable.<\/p>\n<p>Simple et pratique \u00e0 utiliser, il accepte les ampoules GU10.<\/p>\n","protected":false},"featured_media":8938,"template":"","meta":{"iawp_total_views":5},"product_brand":[],"product_cat":[524,435,103,108],"product_tag":[543,368,371,448,535,370,372,369],"class_list":{"0":"post-22844","1":"product","2":"type-product","3":"status-publish","4":"has-post-thumbnail","6":"product_cat-downlights-fr","7":"product_cat-encastre","8":"product_cat-gamme-euluce","9":"product_cat-interieur","10":"product_tag-bureaux","11":"product_tag-commerce-fr","12":"product_tag-culture-fr","13":"product_tag-downlight-fr","14":"product_tag-encastre","15":"product_tag-lhotellerie","16":"product_tag-orientable-fr","17":"product_tag-residence-fr","19":"first","20":"instock","21":"shipping-taxable","22":"product-type-simple"},"_links":{"self":[{"href":"https:\/\/lightenjin.pt\/fr\/wp-json\/wp\/v2\/product\/22844","targetHints":{"allow":["GET"]}}],"collection":[{"href":"https:\/\/lightenjin.pt\/fr\/wp-json\/wp\/v2\/product"}],"about":[{"href":"https:\/\/lightenjin.pt\/fr\/wp-json\/wp\/v2\/types\/product"}],"version-history":[{"count":2,"href":"https:\/\/lightenjin.pt\/fr\/wp-json\/wp\/v2\/product\/22844\/revisions"}],"predecessor-version":[{"id":22846,"href":"https:\/\/lightenjin.pt\/fr\/wp-json\/wp\/v2\/product\/22844\/revisions\/22846"}],"wp:featuredmedia":[{"embeddable":true,"href":"https:\/\/lightenjin.pt\/fr\/wp-json\/wp\/v2\/media\/8938"}],"wp:attachment":[{"href":"https:\/\/lightenjin.pt\/fr\/wp-json\/wp\/v2\/media?parent=22844"}],"wp:term":[{"taxonomy":"product_brand","embeddable":true,"href":"https:\/\/lightenjin.pt\/fr\/wp-json\/wp\/v2\/product_brand?post=22844"},{"taxonomy":"product_cat","embeddable":true,"href":"https:\/\/lightenjin.pt\/fr\/wp-json\/wp\/v2\/product_cat?post=22844"},{"taxonomy":"product_tag","embeddable":true,"href":"https:\/\/lightenjin.pt\/fr\/wp-json\/wp\/v2\/product_tag?post=22844"}],"curies":[{"name":"wp","href":"https:\/\/api.w.org\/{rel}","templated":true}]}}