{"id":22944,"date":"2017-04-12T00:00:00","date_gmt":"2017-04-11T23:00:00","guid":{"rendered":"https:\/\/lightenjin.pt\/?post_type=product&#038;p=22944"},"modified":"2025-01-20T14:28:22","modified_gmt":"2025-01-20T14:28:22","slug":"opus-s-pw45","status":"publish","type":"product","link":"https:\/\/lightenjin.pt\/fr\/produit\/opus-s-pw45\/","title":{"rendered":"OPUS S PW45"},"content":{"rendered":"<ul>\n<li>Application suspendu ;<\/li>\n<li>Plaque thermolaqu\u00e9e en couleur ;<\/li>\n<li>R\u00e9flecteur parabolique en aluminium ;<\/li>\n<li>Longue dur\u00e9e de vie (&gt;50 000 h) ;<\/li>\n<li>Diff\u00e9rentes temp\u00e9ratures de couleur disponibles ;<\/li>\n<li>Indice de rendu des couleurs \u00e9lev\u00e9 (Ra&gt;80) ;<\/li>\n<\/ul>\n<p>&nbsp;<\/p>\n<hr \/>\n<h4>DOWNLOADS<\/h4>\n<ul>\n<li>FICHE TECHNIQUE : <a href=\"https:\/\/lightenjin.pt\/pdfs\/ft\/ft-opus-s-pw45-fr.pdf\" target=\"_blank\" rel=\"noopener\">link<\/a><\/li>\n<li>INSTRUCTIONS DE MONTAGE : <a href=\"https:\/\/lightenjin.pt\/pdfs\/im\/im-opus-s-pw45.pdf\" target=\"_blank\" rel=\"noopener\">link<\/a><\/li>\n<li>D\u00c9CLARATION DE CONFORMIT\u00c9 :\u00a0 <a href=\"https:\/\/lightenjin.pt\/pdfs\/dc\/dc-opus-s-pw45.pdf\" target=\"_blank\" rel=\"noopener\">link<\/a><\/li>\n<li>LDT PHOTOM\u00c9TRIE : <a href=\"https:\/\/lightenjin.pt\/pdfs\/ldt\/opus-s-pw45.zip\">link<\/a><\/li>\n<\/ul>\n","protected":false},"excerpt":{"rendered":"<p><strong>OPUS<\/strong> est une gamme de produits sp\u00e9cialement con\u00e7us pour les immeubles de services et de bureaux. La gamme est polyvalente et s&rsquo;adapte facilement aux diff\u00e9rentes exigences de chaque espace, du point de vue de sa g\u00e9om\u00e9trie, de son application et de ses \u00e9ventuels r\u00e9flecteurs.<\/p>\n<p>Avec des LED ayant un indice de rendu des couleurs \u00e9lev\u00e9 (Ra&gt;80) et une efficacit\u00e9 lumineuse globale \u00e9lev\u00e9e comprise entre 105 et 125 lm\/W. LED avec une longue dur\u00e9e de vie (&gt;50.000h), avec diff\u00e9rentes temp\u00e9ratures de couleur disponibles.<\/p>\n","protected":false},"featured_media":8973,"template":"","meta":{"iawp_total_views":0},"product_brand":[],"product_cat":[103,108,366],"product_tag":[543,368,371,436,370,538,546],"class_list":{"0":"post-22944","1":"product","2":"type-product","3":"status-publish","4":"has-post-thumbnail","6":"product_cat-gamme-euluce","7":"product_cat-interieur","8":"product_cat-saillant","9":"product_tag-bureaux","10":"product_tag-commerce-fr","11":"product_tag-culture-fr","12":"product_tag-education-fr","13":"product_tag-lhotellerie","14":"product_tag-plafonniers","15":"product_tag-soins-de-sante","17":"first","18":"instock","19":"shipping-taxable","20":"product-type-simple"},"_links":{"self":[{"href":"https:\/\/lightenjin.pt\/fr\/wp-json\/wp\/v2\/product\/22944","targetHints":{"allow":["GET"]}}],"collection":[{"href":"https:\/\/lightenjin.pt\/fr\/wp-json\/wp\/v2\/product"}],"about":[{"href":"https:\/\/lightenjin.pt\/fr\/wp-json\/wp\/v2\/types\/product"}],"version-history":[{"count":5,"href":"https:\/\/lightenjin.pt\/fr\/wp-json\/wp\/v2\/product\/22944\/revisions"}],"predecessor-version":[{"id":22956,"href":"https:\/\/lightenjin.pt\/fr\/wp-json\/wp\/v2\/product\/22944\/revisions\/22956"}],"wp:featuredmedia":[{"embeddable":true,"href":"https:\/\/lightenjin.pt\/fr\/wp-json\/wp\/v2\/media\/8973"}],"wp:attachment":[{"href":"https:\/\/lightenjin.pt\/fr\/wp-json\/wp\/v2\/media?parent=22944"}],"wp:term":[{"taxonomy":"product_brand","embeddable":true,"href":"https:\/\/lightenjin.pt\/fr\/wp-json\/wp\/v2\/product_brand?post=22944"},{"taxonomy":"product_cat","embeddable":true,"href":"https:\/\/lightenjin.pt\/fr\/wp-json\/wp\/v2\/product_cat?post=22944"},{"taxonomy":"product_tag","embeddable":true,"href":"https:\/\/lightenjin.pt\/fr\/wp-json\/wp\/v2\/product_tag?post=22944"}],"curies":[{"name":"wp","href":"https:\/\/api.w.org\/{rel}","templated":true}]}}