{"id":23037,"date":"2017-04-12T00:00:00","date_gmt":"2017-04-11T23:00:00","guid":{"rendered":"https:\/\/lightenjin.pt\/?post_type=product&#038;p=23037"},"modified":"2025-01-21T09:54:36","modified_gmt":"2025-01-21T09:54:36","slug":"vled-s","status":"publish","type":"product","link":"https:\/\/lightenjin.pt\/fr\/produit\/vled-s\/","title":{"rendered":"VLED S"},"content":{"rendered":"<ul>\n<li>L&rsquo;\u00e9clairage d&rsquo;applique ;<\/li>\n<li>\u00c9clairage d\u00e9coratif de proximit\u00e9 ;<\/li>\n<li>Application en surface ou encastr\u00e9e ;<\/li>\n<li>Luminaire modulaire (applicable individuellement ou en lignes continues) ;<\/li>\n<li>Corps en profil\u00e9 d&rsquo;aluminium anodis\u00e9 ;<\/li>\n<li>Diffuseur transparent ;<\/li>\n<li>Dur\u00e9e de vie des LED (&gt;50 000 h) ;<\/li>\n<li>Diff\u00e9rentes temp\u00e9ratures de couleur disponibles ;<\/li>\n<li>Indice de rendu des couleurs \u00e9lev\u00e9 (Ra&gt;80).<\/li>\n<\/ul>\n<hr \/>\n<h4>DOWNLOADS<\/h4>\n<ul>\n<li>FICHE TECHNIQUE : <a href=\"https:\/\/lightenjin.pt\/pdfs\/ft\/ft-vled-s-fr.pdf\" target=\"_blank\" rel=\"noopener\">link<\/a><\/li>\n<li>INSTRUCTIONS DE MONTAGE :\u00a0 <a href=\"https:\/\/lightenjin.pt\/pdfs\/im\/im-vled-s.pdf\" target=\"_blank\" rel=\"noopener\">link<\/a><\/li>\n<li>D\u00c9CLARATION DE CONFORMIT\u00c9 :\u00a0 <a href=\"https:\/\/lightenjin.pt\/pdfs\/dc\/dc-vled-s.pdf\" target=\"_blank\" rel=\"noopener\">link<\/a><\/li>\n<li>LDT PHOTOM\u00c9TRIE: <a href=\"https:\/\/lightenjin.pt\/pdfs\/ldt\/vled-s.zip\" target=\"_blank\" rel=\"noopener\">link<\/a><\/li>\n<\/ul>\n","protected":false},"excerpt":{"rendered":"<p><strong>VLED<\/strong> est un luminaire lin\u00e9aire compact et \u00e9conomique, adapt\u00e9 \u00e0 l&rsquo;\u00e9clairage d\u00e9coratif de courte distance. Commercialis\u00e9 avec un diffuseur transparent et en modules individuels &#8211; avec la possibilit\u00e9 d&rsquo;\u00eatre configur\u00e9 en ligne continue.<\/p>\n<p>Avec des LED ayant un indice de rendu des couleurs \u00e9lev\u00e9 (Ra&gt;80) et une efficacit\u00e9 lumineuse globale \u00e9lev\u00e9e comprise entre 130 et 290 lm\/W. LED avec une longue dur\u00e9e de vie (&gt;50.000h), avec diff\u00e9rentes temp\u00e9ratures de couleur disponibles.<\/p>\n","protected":false},"featured_media":8927,"template":"","meta":{"iawp_total_views":2},"product_brand":[],"product_cat":[103,108,366],"product_tag":[368,371,370,369],"class_list":{"0":"post-23037","1":"product","2":"type-product","3":"status-publish","4":"has-post-thumbnail","6":"product_cat-gamme-euluce","7":"product_cat-interieur","8":"product_cat-saillant","9":"product_tag-commerce-fr","10":"product_tag-culture-fr","11":"product_tag-lhotellerie","12":"product_tag-residence-fr","14":"first","15":"instock","16":"shipping-taxable","17":"product-type-simple"},"_links":{"self":[{"href":"https:\/\/lightenjin.pt\/fr\/wp-json\/wp\/v2\/product\/23037","targetHints":{"allow":["GET"]}}],"collection":[{"href":"https:\/\/lightenjin.pt\/fr\/wp-json\/wp\/v2\/product"}],"about":[{"href":"https:\/\/lightenjin.pt\/fr\/wp-json\/wp\/v2\/types\/product"}],"version-history":[{"count":2,"href":"https:\/\/lightenjin.pt\/fr\/wp-json\/wp\/v2\/product\/23037\/revisions"}],"predecessor-version":[{"id":23039,"href":"https:\/\/lightenjin.pt\/fr\/wp-json\/wp\/v2\/product\/23037\/revisions\/23039"}],"wp:featuredmedia":[{"embeddable":true,"href":"https:\/\/lightenjin.pt\/fr\/wp-json\/wp\/v2\/media\/8927"}],"wp:attachment":[{"href":"https:\/\/lightenjin.pt\/fr\/wp-json\/wp\/v2\/media?parent=23037"}],"wp:term":[{"taxonomy":"product_brand","embeddable":true,"href":"https:\/\/lightenjin.pt\/fr\/wp-json\/wp\/v2\/product_brand?post=23037"},{"taxonomy":"product_cat","embeddable":true,"href":"https:\/\/lightenjin.pt\/fr\/wp-json\/wp\/v2\/product_cat?post=23037"},{"taxonomy":"product_tag","embeddable":true,"href":"https:\/\/lightenjin.pt\/fr\/wp-json\/wp\/v2\/product_tag?post=23037"}],"curies":[{"name":"wp","href":"https:\/\/api.w.org\/{rel}","templated":true}]}}