{"id":23130,"date":"2017-04-28T00:00:00","date_gmt":"2017-04-28T00:00:00","guid":{"rendered":"https:\/\/lightenjin.pt\/?post_type=product&#038;p=23130"},"modified":"2025-09-12T17:33:51","modified_gmt":"2025-09-12T16:33:51","slug":"altus-r-130","status":"publish","type":"product","link":"https:\/\/lightenjin.pt\/fr\/produit\/altus-r-130\/","title":{"rendered":"ALTUS R 130"},"content":{"rendered":"<ul>\n<li>Application en saillie ;<\/li>\n<li>Pour les espaces o\u00f9 il n&rsquo;est pas possible de fixer les \u00e9l\u00e9ments par assemblage juxtapos\u00e9 ;<\/li>\n<li>Dimension proportionnelle \u00e0 sa puissance ;<\/li>\n<li>Corps en acier thermolaqu\u00e9 de couleur ;<\/li>\n<li>Diffuseur en verre en option ;<\/li>\n<li>Dur\u00e9e de vie des LED (&gt;50 000 h);<\/li>\n<li>Diff\u00e9rentes temp\u00e9ratures de couleur disponibles;<\/li>\n<li>Indice de rendu des couleurs \u00e9lev\u00e9 ( Ra&gt;90);<\/li>\n<li>Possibilit\u00e9 d&rsquo;int\u00e9grer un syst\u00e8me de contr\u00f4le <em>Dali<\/em>;<\/li>\n<\/ul>\n<p>&nbsp;<\/p>\n<hr>\n<h4>T\u00c9L\u00c9CHARGEMENTS<\/h4>\n<ul>\n<li>FICHE DE DONN\u00c9ES : <a href=\"https:\/\/lightenjin.pt\/pdfs\/ft\/ft-altus-r-130-fr.pdf\" target=\"_blank\" rel=\"noopener\">link<\/a><\/li>\n<li>INSTRUCTIONS D\u2019INSTALLATION : <a href=\"https:\/\/lightenjin.pt\/pdfs\/im\/im-altus-r-130.pdf\" target=\"_blank\" rel=\"noopener\">link<\/a><\/li>\n<li>D\u00c9CLARATION DE CONFORMIT\u00c9 : <a href=\"https:\/\/lightenjin.pt\/pdfs\/dc\/dc-altus-r.pdf\" target=\"_blank\" rel=\"noopener\">link<\/a><\/li>\n<li>PHOTOM\u00c9TRIQUE LDT : <a href=\"https:\/\/lightenjin.pt\/pdfs\/ldt\/altus-r-130.zip\" target=\"_blank\" rel=\"noopener\">link<\/a><\/li>\n<\/ul>\n","protected":false},"excerpt":{"rendered":"<p>La gamme <strong>ALTUS<\/strong> est une solution sp\u00e9cialement con\u00e7ue pour les espaces ne permettant pas de fixation par montage juxtapos\u00e9. Une famille compos\u00e9e de diff\u00e9rents mod\u00e8les de forme simple, pour montage en surface et de taille proportionnelle \u00e0 leur puissance. Les mod\u00e8les <strong>R<\/strong> se distinguent par leur forme arrondie.  <\/p>\n<p>Avec des LED ayant un indice de rendu des couleurs \u00e9lev\u00e9 (Ra&gt;90) et une longue dur\u00e9e de vie (&gt;50 000h), avec diff\u00e9rentes temp\u00e9ratures de couleur disponibles.<\/p>\n<p>&nbsp;<\/p>\n","protected":false},"featured_media":9188,"template":"","meta":{"iawp_total_views":5},"product_brand":[],"product_cat":[103,108,366],"product_tag":[368,371,370,369],"class_list":{"0":"post-23130","1":"product","2":"type-product","3":"status-publish","4":"has-post-thumbnail","6":"product_cat-gamme-euluce","7":"product_cat-interieur","8":"product_cat-saillant","9":"product_tag-commerce-fr","10":"product_tag-culture-fr","11":"product_tag-lhotellerie","12":"product_tag-residence-fr","14":"first","15":"instock","16":"shipping-taxable","17":"product-type-simple"},"_links":{"self":[{"href":"https:\/\/lightenjin.pt\/fr\/wp-json\/wp\/v2\/product\/23130","targetHints":{"allow":["GET"]}}],"collection":[{"href":"https:\/\/lightenjin.pt\/fr\/wp-json\/wp\/v2\/product"}],"about":[{"href":"https:\/\/lightenjin.pt\/fr\/wp-json\/wp\/v2\/types\/product"}],"version-history":[{"count":5,"href":"https:\/\/lightenjin.pt\/fr\/wp-json\/wp\/v2\/product\/23130\/revisions"}],"predecessor-version":[{"id":25780,"href":"https:\/\/lightenjin.pt\/fr\/wp-json\/wp\/v2\/product\/23130\/revisions\/25780"}],"wp:featuredmedia":[{"embeddable":true,"href":"https:\/\/lightenjin.pt\/fr\/wp-json\/wp\/v2\/media\/9188"}],"wp:attachment":[{"href":"https:\/\/lightenjin.pt\/fr\/wp-json\/wp\/v2\/media?parent=23130"}],"wp:term":[{"taxonomy":"product_brand","embeddable":true,"href":"https:\/\/lightenjin.pt\/fr\/wp-json\/wp\/v2\/product_brand?post=23130"},{"taxonomy":"product_cat","embeddable":true,"href":"https:\/\/lightenjin.pt\/fr\/wp-json\/wp\/v2\/product_cat?post=23130"},{"taxonomy":"product_tag","embeddable":true,"href":"https:\/\/lightenjin.pt\/fr\/wp-json\/wp\/v2\/product_tag?post=23130"}],"curies":[{"name":"wp","href":"https:\/\/api.w.org\/{rel}","templated":true}]}}