{"id":23155,"date":"2019-10-07T00:00:00","date_gmt":"2019-10-06T23:00:00","guid":{"rendered":"https:\/\/lightenjin.pt\/?post_type=product&#038;p=23155"},"modified":"2025-01-22T14:20:49","modified_gmt":"2025-01-22T14:20:49","slug":"ferrum-e","status":"publish","type":"product","link":"https:\/\/lightenjin.pt\/fr\/produit\/ferrum-e\/","title":{"rendered":"FERRUM E"},"content":{"rendered":"<ul>\n<li>Application encastr\u00e9e ;<\/li>\n<li>Profil\u00e9 en t\u00f4le d&rsquo;acier color\u00e9 ;<\/li>\n<li>Diffuseur opale ;<\/li>\n<li>Longue dur\u00e9e de vie (&gt;50 000 h) ;<\/li>\n<li>Diff\u00e9rentes temp\u00e9ratures de couleur disponibles ;<\/li>\n<li>Indice de rendu des couleurs \u00e9lev\u00e9 (Ra&gt;80) ;<\/li>\n<\/ul>\n<hr \/>\n<h4>DOWNLOADS<\/h4>\n<ul>\n<li>FICHE TECHNIQUE : <a href=\"https:\/\/lightenjin.pt\/pdfs\/ft\/ft-ferrum-lamp-e-fr.pdf\" target=\"_blank\" rel=\"noopener\">link<\/a><\/li>\n<li>INSTRUCTIONS DE MONTAGE : <a href=\"https:\/\/lightenjin.pt\/pdfs\/im\/im-ferrum-e.pdf\" target=\"_blank\" rel=\"noopener\">link<\/a><\/li>\n<li>D\u00c9CLARATION DE CONFORMIT\u00c9 :\u00a0 <a href=\"https:\/\/lightenjin.pt\/pdfs\/dc\/dc-ferrum.pdf\" target=\"_blank\" rel=\"noopener\">link<\/a><\/li>\n<\/ul>\n","protected":false},"excerpt":{"rendered":"<p><strong>FERRUM LAMP<\/strong> est une conception technique d\u00e9velopp\u00e9e pour les lignes continues ou individuelles, ce qui permet d&rsquo;obtenir une solution \u00e9conomique o\u00f9 les co\u00fbts associ\u00e9s \u00e0 l&rsquo;investissement sont moindres et le retour sur investissement plus rapide. Du point de vue de la configuration, il s&rsquo;agit d&rsquo;une solution \u00e9l\u00e9gante et polyvalente, qui s&rsquo;adapte facilement \u00e0 divers environnements.<\/p>\n<p>Avec des LED ayant un indice de rendu des couleurs \u00e9lev\u00e9 (Ra&gt;80) et une efficacit\u00e9 lumineuse globale \u00e9lev\u00e9e. Des LED avec une longue dur\u00e9e de vie (&gt;50.000h), avec diff\u00e9rentes temp\u00e9ratures de couleur disponibles.<\/p>\n","protected":false},"featured_media":24424,"template":"","meta":{"iawp_total_views":1},"product_brand":[],"product_cat":[435,103,108],"product_tag":[535],"class_list":{"0":"post-23155","1":"product","2":"type-product","3":"status-publish","4":"has-post-thumbnail","6":"product_cat-encastre","7":"product_cat-gamme-euluce","8":"product_cat-interieur","9":"product_tag-encastre","11":"first","12":"instock","13":"shipping-taxable","14":"product-type-simple"},"_links":{"self":[{"href":"https:\/\/lightenjin.pt\/fr\/wp-json\/wp\/v2\/product\/23155","targetHints":{"allow":["GET"]}}],"collection":[{"href":"https:\/\/lightenjin.pt\/fr\/wp-json\/wp\/v2\/product"}],"about":[{"href":"https:\/\/lightenjin.pt\/fr\/wp-json\/wp\/v2\/types\/product"}],"version-history":[{"count":2,"href":"https:\/\/lightenjin.pt\/fr\/wp-json\/wp\/v2\/product\/23155\/revisions"}],"predecessor-version":[{"id":23157,"href":"https:\/\/lightenjin.pt\/fr\/wp-json\/wp\/v2\/product\/23155\/revisions\/23157"}],"wp:featuredmedia":[{"embeddable":true,"href":"https:\/\/lightenjin.pt\/fr\/wp-json\/wp\/v2\/media\/24424"}],"wp:attachment":[{"href":"https:\/\/lightenjin.pt\/fr\/wp-json\/wp\/v2\/media?parent=23155"}],"wp:term":[{"taxonomy":"product_brand","embeddable":true,"href":"https:\/\/lightenjin.pt\/fr\/wp-json\/wp\/v2\/product_brand?post=23155"},{"taxonomy":"product_cat","embeddable":true,"href":"https:\/\/lightenjin.pt\/fr\/wp-json\/wp\/v2\/product_cat?post=23155"},{"taxonomy":"product_tag","embeddable":true,"href":"https:\/\/lightenjin.pt\/fr\/wp-json\/wp\/v2\/product_tag?post=23155"}],"curies":[{"name":"wp","href":"https:\/\/api.w.org\/{rel}","templated":true}]}}