{"id":23213,"date":"2024-10-10T11:35:29","date_gmt":"2024-10-10T10:35:29","guid":{"rendered":"https:\/\/lightenjin.pt\/?post_type=product&#038;p=23213"},"modified":"2025-01-23T09:50:04","modified_gmt":"2025-01-23T09:50:04","slug":"cithara-evo-horti","status":"publish","type":"product","link":"https:\/\/lightenjin.pt\/fr\/produit\/cithara-evo-horti\/","title":{"rendered":"CITHARA EVO HORTI"},"content":{"rendered":"<ul>\n<li>\u00c9clairage horticole ;<\/li>\n<li>Application en saillie ;<\/li>\n<li>Corps en aluminium inject\u00e9 ;<\/li>\n<li>D\u00e9velopp\u00e9 pour l&rsquo;horticulture ;<\/li>\n<li>Spectre personnalis\u00e9 en fonction des besoins ;<\/li>\n<li>Facilement adaptable aux diff\u00e9rentes variations de temp\u00e9rature ;<\/li>\n<li>Diffuseur en verre tremp\u00e9 transparent ;<\/li>\n<li>Dur\u00e9e de vie des LED (&gt;100 000 h) ;<\/li>\n<li>Diff\u00e9rentes temp\u00e9ratures de couleur disponibles ;<\/li>\n<li>Indice de rendu des couleurs (Ra&gt;70) ;<\/li>\n<li>Tige avec rotation de 90\u00b0 et -90\u00b0 ;<\/li>\n<li>Syst\u00e8me de contr\u00f4le et de surveillance de la temp\u00e9rature, de l&rsquo;humidit\u00e9, de l&rsquo;\u00e9clairage et de la fluorescence ;<\/li>\n<\/ul>\n<hr \/>\n<h4>DOWNLOADS<\/h4>\n<ul>\n<li>FICHE TECHNIQUE : <a href=\"https:\/\/lightenjin.pt\/pdfs\/ft\/ft-cithara-evo-horti-fr.pdf\" target=\"_blank\" rel=\"noopener\">link<\/a><\/li>\n<li>INSTRUCTIONS DE MONTAGE :\u00a0 <a href=\"https:\/\/lightenjin.pt\/pdfs\/im\/im-cithara-evo-horti.pdf\" target=\"_blank\" rel=\"noopener\">link<\/a><\/li>\n<li>D\u00c9CLARATION DE CONFORMIT\u00c9 :\u00a0 <a href=\"https:\/\/lightenjin.pt\/pdfs\/dc\/dc-cithara-evo.pdf\" target=\"_blank\" rel=\"noopener\">link<\/a><\/li>\n<\/ul>\n","protected":false},"excerpt":{"rendered":"<p><strong>CITHARA EVO HORTI<\/strong> est un appareil d&rsquo;\u00e9clairage haut de gamme et de grande puissance sp\u00e9cialement con\u00e7u pour l&rsquo;horticulture. Un produit d&rsquo;\u00e9clairage au spectre personnalis\u00e9 et facilement adaptable aux diff\u00e9rentes variations de temp\u00e9rature. Avec un syst\u00e8me de contr\u00f4le et de surveillance de la temp\u00e9rature, de l&rsquo;humidit\u00e9, de l&rsquo;\u00e9clairage et de la fluorescence.<\/p>\n<p>Avec des LED ayant un indice de rendu des couleurs \u00e9lev\u00e9 (Ra&gt;80) et une efficacit\u00e9 lumineuse globale \u00e9lev\u00e9e. Des LED avec une longue dur\u00e9e de vie (&gt;50 000h), avec diff\u00e9rentes temp\u00e9ratures de couleur disponibles.<\/p>\n","protected":false},"featured_media":21414,"template":"","meta":{"iawp_total_views":0},"product_brand":[],"product_cat":[1010,103],"product_tag":[1013,1019,1017],"class_list":{"0":"post-23213","1":"product","2":"type-product","3":"status-publish","4":"has-post-thumbnail","6":"product_cat-horticulture-fr","7":"product_cat-gamme-euluce","8":"product_tag-agriculture-fr","9":"product_tag-horticulture-fr","10":"product_tag-serre-chaude","12":"first","13":"instock","14":"shipping-taxable","15":"product-type-simple"},"_links":{"self":[{"href":"https:\/\/lightenjin.pt\/fr\/wp-json\/wp\/v2\/product\/23213","targetHints":{"allow":["GET"]}}],"collection":[{"href":"https:\/\/lightenjin.pt\/fr\/wp-json\/wp\/v2\/product"}],"about":[{"href":"https:\/\/lightenjin.pt\/fr\/wp-json\/wp\/v2\/types\/product"}],"version-history":[{"count":2,"href":"https:\/\/lightenjin.pt\/fr\/wp-json\/wp\/v2\/product\/23213\/revisions"}],"predecessor-version":[{"id":23215,"href":"https:\/\/lightenjin.pt\/fr\/wp-json\/wp\/v2\/product\/23213\/revisions\/23215"}],"wp:featuredmedia":[{"embeddable":true,"href":"https:\/\/lightenjin.pt\/fr\/wp-json\/wp\/v2\/media\/21414"}],"wp:attachment":[{"href":"https:\/\/lightenjin.pt\/fr\/wp-json\/wp\/v2\/media?parent=23213"}],"wp:term":[{"taxonomy":"product_brand","embeddable":true,"href":"https:\/\/lightenjin.pt\/fr\/wp-json\/wp\/v2\/product_brand?post=23213"},{"taxonomy":"product_cat","embeddable":true,"href":"https:\/\/lightenjin.pt\/fr\/wp-json\/wp\/v2\/product_cat?post=23213"},{"taxonomy":"product_tag","embeddable":true,"href":"https:\/\/lightenjin.pt\/fr\/wp-json\/wp\/v2\/product_tag?post=23213"}],"curies":[{"name":"wp","href":"https:\/\/api.w.org\/{rel}","templated":true}]}}