{"id":23288,"date":"2019-10-03T00:00:00","date_gmt":"2019-10-03T00:00:00","guid":{"rendered":"https:\/\/lightenjin.pt\/?post_type=product&#038;p=23288"},"modified":"2026-04-08T13:02:11","modified_gmt":"2026-04-08T12:02:11","slug":"tiger","status":"publish","type":"product","link":"https:\/\/lightenjin.pt\/fr\/produit\/tiger\/","title":{"rendered":"TIGER"},"content":{"rendered":"<ul>\n<li>\u00c9clairage d&rsquo;accentuation ;<\/li>\n<li>Utilisation sur rail triphas\u00e9, avec adaptateur ;<\/li>\n<li>LED avec diff\u00e9rentes temp\u00e9ratures de couleur disponibles.<\/li>\n<li>Appareil de commande \u00e0 double isolation, adapt\u00e9 \u00e0 un montage encastr\u00e9 ;<\/li>\n<li>Diffuseur en verre transparent;<\/li>\n<li>Dur\u00e9e de vie des LED (&gt;50 000 h);<\/li>\n<li>Diff\u00e9rentes temp\u00e9ratures de couleur disponibles;<\/li>\n<li>Indice de rendu des couleurs \u00e9lev\u00e9 (Ra&gt;90) ;<\/li>\n<li>Filtres de couleur disponibles sur demande ;<\/li>\n<li>Possibilit\u00e9 d&rsquo;int\u00e9grer un syst\u00e8me de contr\u00f4le Dali ;<\/li>\n<li>Orientable ;<\/li>\n<\/ul>\n<p>&nbsp;<\/p>\n<hr>\n<h4>DOWNLOADS<\/h4>\n<ul>\n<li>FICHE TECHNIQUE : <a href=\"https:\/\/lightenjin.pt\/pdfs\/ft\/ft-tiger-fr.pdf\" target=\"_blank\" rel=\"noopener\">link<\/a><\/li>\n<li>INSTRUCTIONS D\u2019INSTALLATION : <a href=\"https:\/\/lightenjin.pt\/pdfs\/im\/im-tiger.pdf\" target=\"_blank\" rel=\"noopener\">link<\/a><\/li>\n<li>D\u00c9CLARATION DE CONFORMIT\u00c9 : <a href=\"https:\/\/lightenjin.pt\/pdfs\/dc\/dc-tiger.pdf\" target=\"_blank\" rel=\"noopener\">link<\/a><\/li>\n<li>PHOTOM\u00c9TRIQUE LDT : <a href=\"https:\/\/lightenjin.pt\/pdfs\/ldt\/tiger.zip\">link<\/a><\/li>\n<\/ul>\n","protected":false},"excerpt":{"rendered":"<p><strong>TIGER<\/strong> est une solution d&rsquo;\u00e9clairage d&rsquo;accentuation, id\u00e9ale pour orienter la lumi\u00e8re en fonction des besoins de chaque client.<br \/>\nMod\u00e8le sp\u00e9cifique \u00e9quip\u00e9 d&rsquo;un adaptateur.<\/p>\n<p>\u00c9quip\u00e9es de LED \u00e0 indice de rendu des couleurs \u00e9lev\u00e9 (Ra&gt;90) et offrant un rendement lumineux global compris entre 71 et 84 lm\/W. LED \u00e0 longue dur\u00e9e de vie (&gt;50 000h), avec diff\u00e9rentes temp\u00e9ratures de couleur disponibles. Orientable.<\/p>\n<p>&nbsp;<\/p>\n","protected":false},"featured_media":20890,"template":"","meta":{"iawp_total_views":2},"product_brand":[],"product_cat":[110,103,108],"product_tag":[368,371,370,372,113,369],"class_list":{"0":"post-23288","1":"product","2":"type-product","3":"status-publish","4":"has-post-thumbnail","6":"product_cat-rail-triphase","7":"product_cat-gamme-euluce","8":"product_cat-interieur","9":"product_tag-commerce-fr","10":"product_tag-culture-fr","11":"product_tag-lhotellerie","12":"product_tag-orientable-fr","13":"product_tag-rail-triphase","14":"product_tag-residence-fr","15":"pa_aplicacao-orientable-fr","16":"pa_aplicacao-rail-fr","17":"pa_area-de-aplicacao-commerce-fr","18":"pa_area-de-aplicacao-lhotellerie","19":"pa_area-de-aplicacao-musees","20":"pa_area-de-aplicacao-residence-fr","22":"first","23":"instock","24":"shipping-taxable","25":"product-type-simple"},"_links":{"self":[{"href":"https:\/\/lightenjin.pt\/fr\/wp-json\/wp\/v2\/product\/23288","targetHints":{"allow":["GET"]}}],"collection":[{"href":"https:\/\/lightenjin.pt\/fr\/wp-json\/wp\/v2\/product"}],"about":[{"href":"https:\/\/lightenjin.pt\/fr\/wp-json\/wp\/v2\/types\/product"}],"version-history":[{"count":3,"href":"https:\/\/lightenjin.pt\/fr\/wp-json\/wp\/v2\/product\/23288\/revisions"}],"predecessor-version":[{"id":26750,"href":"https:\/\/lightenjin.pt\/fr\/wp-json\/wp\/v2\/product\/23288\/revisions\/26750"}],"wp:featuredmedia":[{"embeddable":true,"href":"https:\/\/lightenjin.pt\/fr\/wp-json\/wp\/v2\/media\/20890"}],"wp:attachment":[{"href":"https:\/\/lightenjin.pt\/fr\/wp-json\/wp\/v2\/media?parent=23288"}],"wp:term":[{"taxonomy":"product_brand","embeddable":true,"href":"https:\/\/lightenjin.pt\/fr\/wp-json\/wp\/v2\/product_brand?post=23288"},{"taxonomy":"product_cat","embeddable":true,"href":"https:\/\/lightenjin.pt\/fr\/wp-json\/wp\/v2\/product_cat?post=23288"},{"taxonomy":"product_tag","embeddable":true,"href":"https:\/\/lightenjin.pt\/fr\/wp-json\/wp\/v2\/product_tag?post=23288"}],"curies":[{"name":"wp","href":"https:\/\/api.w.org\/{rel}","templated":true}]}}