{"id":23360,"date":"2024-11-08T15:06:17","date_gmt":"2024-11-08T15:06:17","guid":{"rendered":"https:\/\/lightenjin.pt\/?post_type=product&#038;p=23360"},"modified":"2025-01-27T16:59:48","modified_gmt":"2025-01-27T16:59:48","slug":"villa","status":"publish","type":"product","link":"https:\/\/lightenjin.pt\/fr\/produit\/villa\/","title":{"rendered":"VILLA"},"content":{"rendered":"<ul>\n<li>Eclairage public d\u00e9coratif ;<\/li>\n<li>Montage sur culasse ;<\/li>\n<li>Corps en aluminium inject\u00e9 ;<\/li>\n<li>Diffuseur en polycarbonate transparent ;<\/li>\n<li>Maintenance du flux L90B10 \u00e0 100 000h ;<\/li>\n<li>Diff\u00e9rentes temp\u00e9ratures de couleur disponibles ;<\/li>\n<li>Indice de rendu chromatique (Ra&gt;70) ;<\/li>\n<li>Possibilit\u00e9 d&rsquo;int\u00e9grer des fiches de connexion (NEMA et Zhaga), pour l&rsquo;int\u00e9gration de syst\u00e8mes de contr\u00f4le ;<\/li>\n<\/ul>\n<hr \/>\n<h4>DOWNLOADS<\/h4>\n<ul>\n<li>FICHE TECHNIQUE : <a href=\"https:\/\/lightenjin.pt\/pdfs\/ft\/ft-villa-fr.pdf\" target=\"_blank\" rel=\"noopener\">link<\/a><\/li>\n<\/ul>\n","protected":false},"excerpt":{"rendered":"<p><strong>VILLA <\/strong>est une solution d&rsquo;\u00e9clairage public qui combine des lignes de design contemporaines et uniques, avec une efficacit\u00e9 garantie par l&rsquo;utilisation de composants de pointe. Driver avec la possibilit\u00e9 d&rsquo;op\u00e9rer jusqu&rsquo;\u00e0 5 niveaux de fonctionnement ; avec protection contre les d\u00e9charges externes au driver de 10 kV.<\/p>\n<p>Avec des LED ayant un indice de rendu des couleurs \u00e9lev\u00e9 (Ra&gt;70) et un indice d&rsquo;efficacit\u00e9 lumineuse globale \u00e9lev\u00e9, compris entre 96 et 109 lm\/W. LED avec maintenance du flux L90B10 \u00e0 100.000h, avec diff\u00e9rentes temp\u00e9ratures de couleur disponibles. En option, il peut \u00eatre fourni avec un syst\u00e8me de contr\u00f4le int\u00e9gr\u00e9.<\/p>\n","protected":false},"featured_media":25251,"template":"","meta":{"iawp_total_views":10},"product_brand":[],"product_cat":[504,505,953,518],"product_tag":[511,507,531,508,509,510,447],"class_list":{"0":"post-23360","1":"product","2":"type-product","3":"status-publish","4":"has-post-thumbnail","6":"product_cat-exterieur","7":"product_cat-circulation-fr","8":"product_cat-eclairage-public-decoratif","9":"product_cat-public-fr","10":"product_tag-aires-de-stationnement","11":"product_tag-autoroutes","12":"product_tag-parcs","13":"product_tag-routes","14":"product_tag-routes-principales","15":"product_tag-routes-secondaires","16":"product_tag-zhaga-d4i-fr","17":"pa_aplicacao-mur","18":"pa_aplicacao-poteaux","20":"first","21":"instock","22":"shipping-taxable","23":"product-type-simple"},"_links":{"self":[{"href":"https:\/\/lightenjin.pt\/fr\/wp-json\/wp\/v2\/product\/23360","targetHints":{"allow":["GET"]}}],"collection":[{"href":"https:\/\/lightenjin.pt\/fr\/wp-json\/wp\/v2\/product"}],"about":[{"href":"https:\/\/lightenjin.pt\/fr\/wp-json\/wp\/v2\/types\/product"}],"version-history":[{"count":2,"href":"https:\/\/lightenjin.pt\/fr\/wp-json\/wp\/v2\/product\/23360\/revisions"}],"predecessor-version":[{"id":23362,"href":"https:\/\/lightenjin.pt\/fr\/wp-json\/wp\/v2\/product\/23360\/revisions\/23362"}],"wp:featuredmedia":[{"embeddable":true,"href":"https:\/\/lightenjin.pt\/fr\/wp-json\/wp\/v2\/media\/25251"}],"wp:attachment":[{"href":"https:\/\/lightenjin.pt\/fr\/wp-json\/wp\/v2\/media?parent=23360"}],"wp:term":[{"taxonomy":"product_brand","embeddable":true,"href":"https:\/\/lightenjin.pt\/fr\/wp-json\/wp\/v2\/product_brand?post=23360"},{"taxonomy":"product_cat","embeddable":true,"href":"https:\/\/lightenjin.pt\/fr\/wp-json\/wp\/v2\/product_cat?post=23360"},{"taxonomy":"product_tag","embeddable":true,"href":"https:\/\/lightenjin.pt\/fr\/wp-json\/wp\/v2\/product_tag?post=23360"}],"curies":[{"name":"wp","href":"https:\/\/api.w.org\/{rel}","templated":true}]}}