{"id":23462,"date":"2024-02-15T05:55:42","date_gmt":"2024-02-15T05:55:42","guid":{"rendered":"https:\/\/lightenjin.pt\/?post_type=product&#038;p=23462"},"modified":"2025-07-04T17:18:32","modified_gmt":"2025-07-04T16:18:32","slug":"vio-275-s","status":"publish","type":"product","link":"https:\/\/lightenjin.pt\/fr\/produit\/vio-275-s\/","title":{"rendered":"VIO 275 S"},"content":{"rendered":"<ul>\n<li>Application encastr\u00e9e ;<\/li>\n<li>Con\u00e7u pour la st\u00e9rilisation des espaces et le contr\u00f4le des nuisibles ;<\/li>\n<li>Certifi\u00e9 pour le SARS-COV-2 : 99,99 % de d\u00e9sactivation des bact\u00e9ries en moins de &lt;500 secondes ;<br \/>\n(*) Test\u00e9 par l&rsquo;universit\u00e9 de Padoue.<\/li>\n<li>Rayonnement UV &#8211; 275 nm ;<\/li>\n<li>Maintien du flux lumineux : 25 mw ; L70 \/11 000 h &#8211; se r\u00e9f\u00e8re au module LED unique ;<\/li>\n<li>Lentilles en silicone + PA6 ;<\/li>\n<li>Angle de faisceau 90\u00ba ;<\/li>\n<li>Indice de rendu des couleurs \u00e9lev\u00e9 (Ra&gt;80 et Ra&gt;90) ;<\/li>\n<li>Tc = 75\u00baC;<\/li>\n<\/ul>\n<p>&nbsp;<\/p>\n<hr>\n<h4>T\u00c9L\u00c9CHARGEMENTS<\/h4>\n<ul>\n<li>FICHE DE DONN\u00c9ES : <a href=\"https:\/\/lightenjin.pt\/pdfs\/ft\/ft-vio-275-s-ip67.pdf\" target=\"_blank\" rel=\"noopener\">link<\/a><\/li>\n<li>INSTRUCTIONS D\u2019INSTALLATION : <a href=\"https:\/\/lightenjin.pt\/pdfs\/im\/im-vio-275-s-ip67.pdf\" target=\"_blank\" rel=\"noopener\">link<\/a><\/li>\n<li>D\u00c9CLARATION DE CONFORMIT\u00c9 : <a href=\"https:\/\/lightenjin.pt\/pdfs\/dc\/dc-vio-275.pdf\" target=\"_blank\" rel=\"noopener\">link<\/a><\/li>\n<\/ul>\n<p>&nbsp;<\/p>\n","protected":false},"excerpt":{"rendered":"<p><strong>VIO 275 S<\/strong> Il s&rsquo;agit d&rsquo;une solution LED adapt\u00e9e \u00e0 la st\u00e9rilisation d&rsquo;espaces, de mat\u00e9riaux et de surfaces, appartenant \u00e0 une gamme de produits sp\u00e9cialement d\u00e9velopp\u00e9s pour la lutte contre les nuisibles.<br \/>\nCertifi\u00e9 contre le SARS-COV-2 : 99,99 % de d\u00e9sactivation des bact\u00e9ries en &lt;500 secondes.<\/p>\n<p>LED \u00e0 flux lumineux constant L70\/11 000 h.<\/p>\n<p>&nbsp;<\/p>\n<p>&nbsp;<\/p>\n","protected":false},"featured_media":21073,"template":"","meta":{"iawp_total_views":3},"product_brand":[],"product_cat":[435,876,734,108,946,949],"product_tag":[543,371,370,369],"class_list":{"0":"post-23462","1":"product","2":"type-product","3":"status-publish","4":"has-post-thumbnail","6":"product_cat-encastre","7":"product_cat-partenaires","8":"product_cat-hopital","9":"product_cat-interieur","10":"product_cat-lutte-antiparasitaire","11":"product_cat-sterilisation","12":"product_tag-bureaux","13":"product_tag-culture-fr","14":"product_tag-lhotellerie","15":"product_tag-residence-fr","16":"pa_acabamento-blanc","17":"pa_acabamento-gris","18":"pa_area-de-aplicacao-commerce-fr","19":"pa_area-de-aplicacao-lhotellerie","20":"pa_area-de-aplicacao-residence-fr","22":"first","23":"instock","24":"shipping-taxable","25":"product-type-simple"},"_links":{"self":[{"href":"https:\/\/lightenjin.pt\/fr\/wp-json\/wp\/v2\/product\/23462","targetHints":{"allow":["GET"]}}],"collection":[{"href":"https:\/\/lightenjin.pt\/fr\/wp-json\/wp\/v2\/product"}],"about":[{"href":"https:\/\/lightenjin.pt\/fr\/wp-json\/wp\/v2\/types\/product"}],"version-history":[{"count":2,"href":"https:\/\/lightenjin.pt\/fr\/wp-json\/wp\/v2\/product\/23462\/revisions"}],"predecessor-version":[{"id":25473,"href":"https:\/\/lightenjin.pt\/fr\/wp-json\/wp\/v2\/product\/23462\/revisions\/25473"}],"wp:featuredmedia":[{"embeddable":true,"href":"https:\/\/lightenjin.pt\/fr\/wp-json\/wp\/v2\/media\/21073"}],"wp:attachment":[{"href":"https:\/\/lightenjin.pt\/fr\/wp-json\/wp\/v2\/media?parent=23462"}],"wp:term":[{"taxonomy":"product_brand","embeddable":true,"href":"https:\/\/lightenjin.pt\/fr\/wp-json\/wp\/v2\/product_brand?post=23462"},{"taxonomy":"product_cat","embeddable":true,"href":"https:\/\/lightenjin.pt\/fr\/wp-json\/wp\/v2\/product_cat?post=23462"},{"taxonomy":"product_tag","embeddable":true,"href":"https:\/\/lightenjin.pt\/fr\/wp-json\/wp\/v2\/product_tag?post=23462"}],"curies":[{"name":"wp","href":"https:\/\/api.w.org\/{rel}","templated":true}]}}