{"id":25268,"date":"2025-06-02T17:15:46","date_gmt":"2025-06-02T16:15:46","guid":{"rendered":"https:\/\/lightenjin.pt\/?post_type=product&#038;p=25268"},"modified":"2025-11-07T12:10:17","modified_gmt":"2025-11-07T12:10:17","slug":"primavir-evo","status":"publish","type":"product","link":"https:\/\/lightenjin.pt\/fr\/produit\/primavir-evo\/","title":{"rendered":"PRIMAVIR EVO"},"content":{"rendered":"<ul>\n<li>\u00c9clairage public ;<\/li>\n<li>Montage sur poteau, g\u00e9n\u00e9ralement de 6 \u00e0 12 m\u00e8tres ;<\/li>\n<li>Corps en aluminium inject\u00e9 thermo laqu\u00e9;<\/li>\n<li>Diffuseur en verre tremp\u00e9 transparent ;<\/li>\n<li>Dur\u00e9e de vie des LED (&gt;100 000 h) ;<\/li>\n<li>Lentilles en PMMA ;<\/li>\n<li>Diff\u00e9rentes temp\u00e9ratures de couleur disponibles;<\/li>\n<li>Indice de reproduction des couleurs (Ra&gt;70) ;<\/li>\n<li>Possibilit\u00e9 d&rsquo;int\u00e9grer des fiches de connexion (NEMA et Zhaga), pour l&rsquo;int\u00e9gration du syst\u00e8me de contr\u00f4le ;<\/li>\n<li>Type d&rsquo;alimentation a\u00e9rienne ou souterraine ;<\/li>\n<\/ul>\n<p>&nbsp;<\/p>\n<hr>\n<h4>DOWNLOADS<\/h4>\n<ul>\n<li>FICHE TECHNIQUE : <a href=\"https:\/\/lightenjin.pt\/pdfs\/ft\/ft-primavir-evo-fr.pdf\" target=\"_blank\" rel=\"noopener\">link<\/a><\/li>\n<li>INSTRUCTIONS D&rsquo;ASSEMBLAGE: <a href=\"https:\/\/lightenjin.pt\/pdfs\/im\/im-primavir-evo.pdf\" target=\"_blank\" rel=\"noopener\">link<\/a><\/li>\n<li>NOTES D&rsquo;INSTALLATION: <a href=\"https:\/\/lightenjin.pt\/pdfs\/nt\/nt-primavir-evo.pdf\" target=\"_blank\" rel=\"noopener\">link<\/a><\/li>\n<li>D\u00c9CLARATION DE CONFORMIT\u00c9 : <a href=\"https:\/\/lightenjin.pt\/pdfs\/dc\/dc-primavir.pdf\" target=\"_blank\" rel=\"noopener\">link<\/a><\/li>\n<li>PHOTOM\u00c9TRIQUE LDT : <a href=\"https:\/\/lightenjin.pt\/pdfs\/ldt\/primavir-evo.zip\">link<\/a><\/li>\n<\/ul>\n","protected":false},"excerpt":{"rendered":"<p><strong>PRIMAVIR EVO<\/strong> est une solution d&rsquo;\u00e9clairage pour les espaces publics, sp\u00e9cialement con\u00e7ue pour les zones les plus exigeantes, telles que les autoroutes, les voies rapides et les routes secondaires. Elle permet l&rsquo;utilisation de diff\u00e9rentes lentilles adapt\u00e9es \u00e0 chaque type de voie, garantissant ainsi l&rsquo;homog\u00e9n\u00e9it\u00e9 recommand\u00e9e par les organismes de normalisation. <\/p>\n<p>Avec des LED \u00e0 indice de rendu des couleurs \u00e9lev\u00e9 (Ra&gt;70) et un indice d&rsquo;efficacit\u00e9 lumineuse global \u00e9lev\u00e9 compris entre 103 et 115 lm\/W. LED \u00e0 longue dur\u00e9e de vie (&gt;100 000 h), disponibles en diff\u00e9rentes temp\u00e9ratures de couleur. <\/p>\n<p>Elle est g\u00e9n\u00e9ralement appliqu\u00e9e sur des poteaux de 6 \u00e0 12 m\u00e8tres.<\/p>\n<p>&nbsp;<\/p>\n","protected":false},"featured_media":25277,"template":"","meta":{"iawp_total_views":1},"product_brand":[],"product_cat":[505,504,518],"product_tag":[511,561,531,508,509,510,447],"class_list":{"0":"post-25268","1":"product","2":"type-product","3":"status-publish","4":"has-post-thumbnail","6":"product_cat-circulation-fr","7":"product_cat-exterieur","8":"product_cat-public-fr","9":"product_tag-aires-de-stationnement","10":"product_tag-jardins-fr","11":"product_tag-parcs","12":"product_tag-routes","13":"product_tag-routes-principales","14":"product_tag-routes-secondaires","15":"product_tag-zhaga-d4i-fr","16":"pa_aplicacao-mur","17":"pa_aplicacao-poteaux","19":"first","20":"instock","21":"shipping-taxable","22":"product-type-simple"},"_links":{"self":[{"href":"https:\/\/lightenjin.pt\/fr\/wp-json\/wp\/v2\/product\/25268","targetHints":{"allow":["GET"]}}],"collection":[{"href":"https:\/\/lightenjin.pt\/fr\/wp-json\/wp\/v2\/product"}],"about":[{"href":"https:\/\/lightenjin.pt\/fr\/wp-json\/wp\/v2\/types\/product"}],"version-history":[{"count":3,"href":"https:\/\/lightenjin.pt\/fr\/wp-json\/wp\/v2\/product\/25268\/revisions"}],"predecessor-version":[{"id":26265,"href":"https:\/\/lightenjin.pt\/fr\/wp-json\/wp\/v2\/product\/25268\/revisions\/26265"}],"wp:featuredmedia":[{"embeddable":true,"href":"https:\/\/lightenjin.pt\/fr\/wp-json\/wp\/v2\/media\/25277"}],"wp:attachment":[{"href":"https:\/\/lightenjin.pt\/fr\/wp-json\/wp\/v2\/media?parent=25268"}],"wp:term":[{"taxonomy":"product_brand","embeddable":true,"href":"https:\/\/lightenjin.pt\/fr\/wp-json\/wp\/v2\/product_brand?post=25268"},{"taxonomy":"product_cat","embeddable":true,"href":"https:\/\/lightenjin.pt\/fr\/wp-json\/wp\/v2\/product_cat?post=25268"},{"taxonomy":"product_tag","embeddable":true,"href":"https:\/\/lightenjin.pt\/fr\/wp-json\/wp\/v2\/product_tag?post=25268"}],"curies":[{"name":"wp","href":"https:\/\/api.w.org\/{rel}","templated":true}]}}